{"id":1639,"date":"2025-01-17T22:34:00","date_gmt":"2025-01-17T22:34:00","guid":{"rendered":"https:\/\/dsantana.uas.edu.mx\/?page_id=1639"},"modified":"2025-01-17T23:01:45","modified_gmt":"2025-01-17T23:01:45","slug":"contenedores","status":"publish","type":"page","link":"https:\/\/dsantana.uas.edu.mx\/index.php\/contenedores\/","title":{"rendered":"Contenedores"},"content":{"rendered":"\t\t<div data-elementor-type=\"wp-page\" data-elementor-id=\"1639\" class=\"elementor elementor-1639\">\n\t\t\t\t<div class=\"elementor-element elementor-element-3f874379 e-flex e-con-boxed wpr-particle-no wpr-jarallax-no wpr-parallax-no wpr-sticky-section-no wpr-equal-height-no elementor-invisible e-con e-parent\" data-id=\"3f874379\" data-element_type=\"container\" data-e-type=\"container\" data-settings=\"{&quot;animation&quot;:&quot;fadeInDown&quot;}\">\n\t\t\t\t\t<div class=\"e-con-inner\">\n\t\t\t\t\t\t<div class=\"premium-shape-divider__shape-container\" id=\"premium-shape-divider-7582fbd\" style=\"visibility:hidden; position: absolute; opacity:0;\">\n\t\t\t\t\t<svg xmlns='http:\/\/www.w3.org\/2000\/svg' aria-hidden='true' width='1000' height='100' preserveAspectRatio='none' viewBox='0 0 1000 100'><defs><style>.premium-sh-cls-2{opacity:.33;}.premium-sh-cls-2,.premium-sh-cls-3{isolation:isolate;}.premium-sh-cls-3{opacity:.66;}<\/style><\/defs><path class='premium-sh-cls-2' d='m527,32.7c203.9-88.3,263.1,34,320.3,0,86.7-51.8,152.7,7.6,152.7,7.6v59.7H0v-59.7S62.1,14.2,94.9,11c32.8-3.3,62.8,12.3,75.8,22.1,23.3,17.3,84,58.2,134.4,62.2s202.5-54.3,221.9-62.6Z'\/><path class='premium-sh-cls-3' d='m266,32.7c45.5,0,77.2,23.2,129.1,39.1,28.6,8.7,150.3,10.1,254-39.1,103.7-49.2,91.7,34.4,149.2,0,86-51,201.7,27.5,201.7,27.5v39.8H0v-36.5s28.2,18.5,92.1,18.5c97.7-.1,132.2-49.3,173.9-49.3Z'\/><path class='premium-sh-cls-1' d='m233.9,71.1c200,57.5,266-65.5,395.1-19.5,129,46.6,129,43,186.2,27.8,56.8-15.2,52.5-24.3,94.9-31.9,61.3-11.2,89.9,52.5,89.9,52.5H0s9.9-40.9,83.6-48.1,86.8,1.1,150.3,19.2Z'\/><\/svg>\t\t\t\t<\/div>\n\t\t\t<div class=\"elementor-element elementor-element-7582fbd e-con-full premium-shape-divider-yes premium-shape5 e-flex premium-shape-divider__default premium-shape-divider-anime-yes premium-sh-no-stretch-yes wpr-particle-no wpr-jarallax-no wpr-parallax-no wpr-sticky-section-no wpr-equal-height-no e-con e-child\" data-id=\"7582fbd\" data-element_type=\"container\" data-e-type=\"container\">\n\t\t\t\t<div class=\"elementor-element elementor-element-e3caef6 elementor-widget elementor-widget-eael-fancy-text\" data-id=\"e3caef6\" data-element_type=\"widget\" data-e-type=\"widget\" data-widget_type=\"eael-fancy-text.default\">\n\t\t\t\t<div class=\"elementor-widget-container\">\n\t\t\t\t\t\n\t<div  class=\"eael-fancy-text-container style-1\" data-fancy-text-id=\"e3caef6\" data-fancy-text=\"|\u00a1Bienvenido al espacio de Talleres|de mi sito web acad\u00e9mico!.\" data-fancy-text-transition-type=\"typing\" data-fancy-text-speed=\"50\" data-fancy-text-delay=\"2500\" data-fancy-text-cursor=\"yes\" data-fancy-text-loop=\"yes\" data-fancy-text-action=\"page_load\" >\n\t\t\n\t\t\n\t\t\t\t\t<span id=\"eael-fancy-text-e3caef6\" class=\"eael-fancy-text-strings solid-color\">\n\t\t\t\t<noscript>\n\t\t\t\t\t\u00a1Bienvenido al espacio de Talleres, de mi sito web acad\u00e9mico!.\t\t\t\t<\/noscript>\n\t\t\t<\/span>\n\t\t\n\t\t\t<\/div><!-- close .eael-fancy-text-container -->\n\n\t<div class=\"clearfix\"><\/div>\n\n\t\t\t\t\t<\/div>\n\t\t\t\t<\/div>\n\t\t\t\t<div class=\"elementor-element elementor-element-fcb0469 elementor-widget elementor-widget-text-editor\" data-id=\"fcb0469\" data-element_type=\"widget\" data-e-type=\"widget\" data-widget_type=\"text-editor.default\">\n\t\t\t\t<div class=\"elementor-widget-container\">\n\t\t\t\t\t\t\t\t\t<p>Me complace enormemente tenerte aqu\u00ed. Este es un lugar donde la creatividad, el aprendizaje y la innovaci\u00f3n se encuentran. Ya sea que seas un principiante curioso o un experto en busca de perfeccionar tus habilidades, mis talleres est\u00e1n dise\u00f1ados para ofrecerte una experiencia enriquecedora y pr\u00e1ctica.<\/p><p>En esta secci\u00f3n, encontrar\u00e1s una amplia variedad de talleres que abarcan temas como:<\/p><ul><li><strong>Introducci\u00f3n a Docker<\/strong>: Aprende los conceptos b\u00e1sicos de Docker y c\u00f3mo utilizar esta potente herramienta de contenedores.<\/li><li><strong>Despliegue de aplicaciones<\/strong>: Descubre c\u00f3mo empaquetar y desplegar aplicaciones en contenedores de manera eficiente.<\/li><li><strong>Gesti\u00f3n de contenedores<\/strong>: Domina las t\u00e9cnicas para gestionar y orquestar contenedores utilizando Docker Compose y Kubernetes.<\/li><li><strong>Seguridad en contenedores<\/strong>: Protege tus aplicaciones y datos implementando buenas pr\u00e1cticas de seguridad en entornos de contenedores.<\/li><li><strong>Integraci\u00f3n continua y despliegue continuo (CI\/CD)<\/strong>: Implementa pipelines de CI\/CD para automatizar el desarrollo y despliegue de tus aplicaciones.<\/li><\/ul><p>Explora mis talleres, participa activamente y no dudes en compartir tus ideas y preguntas. Estoy aqu\u00ed para apoyarte en cada paso de tu viaje de aprendizaje.<\/p><p>\u00a1Vamos a crear y aprender juntos!<\/p>\t\t\t\t\t\t\t\t<\/div>\n\t\t\t\t<\/div>\n\t\t\t\t<\/div>\n\t\t\t\t\t<\/div>\n\t\t\t\t<\/div>\n\t\t<div class=\"elementor-element elementor-element-15a28fd e-flex e-con-boxed wpr-particle-no wpr-jarallax-no wpr-parallax-no wpr-sticky-section-no wpr-equal-height-no elementor-invisible e-con e-parent\" data-id=\"15a28fd\" data-element_type=\"container\" data-e-type=\"container\" data-settings=\"{&quot;animation&quot;:&quot;fadeInUp&quot;}\">\n\t\t\t\t\t<div class=\"e-con-inner\">\n\t\t\t\t\t\t<div class=\"premium-shape-divider__shape-container\" id=\"premium-shape-divider-e9348de\" style=\"visibility:hidden; position: absolute; opacity:0;\">\n\t\t\t\t\t<svg xmlns='http:\/\/www.w3.org\/2000\/svg' aria-hidden='true' width='1000' height='100' preserveAspectRatio='none' viewBox='0 0 1000 100'><defs><style>.premium-sh-cls-2{opacity:.33;}.premium-sh-cls-2,.premium-sh-cls-3{isolation:isolate;}.premium-sh-cls-3{opacity:.66;}<\/style><\/defs><path class='premium-sh-cls-2' d='m527,32.7c203.9-88.3,263.1,34,320.3,0,86.7-51.8,152.7,7.6,152.7,7.6v59.7H0v-59.7S62.1,14.2,94.9,11c32.8-3.3,62.8,12.3,75.8,22.1,23.3,17.3,84,58.2,134.4,62.2s202.5-54.3,221.9-62.6Z'\/><path class='premium-sh-cls-3' d='m266,32.7c45.5,0,77.2,23.2,129.1,39.1,28.6,8.7,150.3,10.1,254-39.1,103.7-49.2,91.7,34.4,149.2,0,86-51,201.7,27.5,201.7,27.5v39.8H0v-36.5s28.2,18.5,92.1,18.5c97.7-.1,132.2-49.3,173.9-49.3Z'\/><path class='premium-sh-cls-1' d='m233.9,71.1c200,57.5,266-65.5,395.1-19.5,129,46.6,129,43,186.2,27.8,56.8-15.2,52.5-24.3,94.9-31.9,61.3-11.2,89.9,52.5,89.9,52.5H0s9.9-40.9,83.6-48.1,86.8,1.1,150.3,19.2Z'\/><\/svg>\t\t\t\t<\/div>\n\t\t\t<div class=\"elementor-element elementor-element-e9348de e-con-full premium-shape-divider-yes premium-shape5 e-flex premium-shape-divider__default premium-shape-divider-anime-yes premium-sh-no-stretch-yes wpr-particle-no wpr-jarallax-no wpr-parallax-no wpr-sticky-section-no wpr-equal-height-no e-con e-child\" data-id=\"e9348de\" data-element_type=\"container\" data-e-type=\"container\">\n\t\t\t\t<div class=\"elementor-element elementor-element-ae40033 elementor-grid-eael-col-4 elementor-grid-tablet-eael-col-2 elementor-grid-mobile-eael-col-1 elementor-widget elementor-widget-eael-post-grid\" data-id=\"ae40033\" data-element_type=\"widget\" data-e-type=\"widget\" data-settings=\"{&quot;eael_post_grid_columns&quot;:&quot;eael-col-4&quot;,&quot;eael_post_grid_columns_tablet&quot;:&quot;eael-col-2&quot;,&quot;eael_post_grid_columns_mobile&quot;:&quot;eael-col-1&quot;}\" data-widget_type=\"eael-post-grid.default\">\n\t\t\t\t<div class=\"elementor-widget-container\">\n\t\t\t\t\t<div id=\"eael-post-grid-ae40033\" class=\"eael-post-grid-container\">\n            <div class=\"eael-post-grid eael-post-appender eael-post-appender-ae40033 eael-post-grid-style-one\" data-layout-mode=\"masonry\"><article class=\"eael-grid-post  eael-post-grid-column eael-pg-post-1178 category-contenedores-docencia-docker-docker-contenedores-sin-categoria-talleres-virtualizacion\" data-id=\"1178\">\n        <div class=\"eael-grid-post-holder\">\n            <div class=\"eael-grid-post-holder-inner\"><div class=\"eael-entry-media\"><div class=\"eael-entry-overlay fade-in\"><i class=\"fas fa-long-arrow-alt-right\" aria-hidden=\"true\"><\/i><a href=\"https:\/\/dsantana.uas.edu.mx\/index.php\/2024\/10\/17\/simplificando-el-despliegue-de-aplicaciones\/\"><\/a><\/div><div class=\"eael-entry-thumbnail eael-image-ratio\">\n                <img decoding=\"async\" width=\"300\" height=\"68\" src=\"https:\/\/dsantana.uas.edu.mx\/wp-content\/uploads\/2024\/10\/docker-logo-blue-300x68.png\" class=\"attachment-medium size-medium wp-image-1657\" alt=\"\" srcset=\"https:\/\/dsantana.uas.edu.mx\/wp-content\/uploads\/2024\/10\/docker-logo-blue-300x68.png 300w, https:\/\/dsantana.uas.edu.mx\/wp-content\/uploads\/2024\/10\/docker-logo-blue-1024x233.png 1024w, https:\/\/dsantana.uas.edu.mx\/wp-content\/uploads\/2024\/10\/docker-logo-blue-768x175.png 768w, https:\/\/dsantana.uas.edu.mx\/wp-content\/uploads\/2024\/10\/docker-logo-blue-1536x349.png 1536w, https:\/\/dsantana.uas.edu.mx\/wp-content\/uploads\/2024\/10\/docker-logo-blue-2048x466.png 2048w\" sizes=\"(max-width: 300px) 100vw, 300px\" \/>\n            <\/div>\n        <\/div><div class=\"eael-entry-wrapper\"><header class=\"eael-entry-header\"><h2 class=\"eael-entry-title\"><a class=\"eael-grid-post-link\" href=\"https:\/\/dsantana.uas.edu.mx\/index.php\/2024\/10\/17\/simplificando-el-despliegue-de-aplicaciones\/\" title=\"Simplificando el Despliegue de Aplicaciones\">Simplificando el Despliegue de Aplicaciones<\/a><\/h2><\/header><div class=\"eael-entry-content\">\n                        <div class=\"eael-grid-post-excerpt\"><p>Introducci\u00f3n Simplificando el Despliegue de Aplicaciones significa hacer m\u00e1s f\u00e1cil o reducir la complejidad del proceso de implementar o poner en funcionamiento aplicaciones inform\u00e1ticas. En el contexto del t\u00edtulo Simplificando...<\/p><a href=\"https:\/\/dsantana.uas.edu.mx\/index.php\/2024\/10\/17\/simplificando-el-despliegue-de-aplicaciones\/\" class=\"eael-post-elements-readmore-btn\">Leer m\u00e1s<\/a><\/div>\n                    <\/div><div class=\"eael-entry-footer\"><div class=\"eael-entry-meta\"><span class=\"eael-posted-on\"><time datetime=\"17 octubre 2024\">17 octubre 2024<\/time><\/span><\/div><\/div><\/div><\/div>\n        <\/div>\n    <\/article><article class=\"eael-grid-post  eael-post-grid-column eael-pg-post-1065 category-contenedores-docencia-docker-contenedores-docker-talleres-virtualizacion\" data-id=\"1065\">\n        <div class=\"eael-grid-post-holder\">\n            <div class=\"eael-grid-post-holder-inner\"><div class=\"eael-entry-media\"><div class=\"eael-entry-overlay fade-in\"><i class=\"fas fa-long-arrow-alt-right\" aria-hidden=\"true\"><\/i><a href=\"https:\/\/dsantana.uas.edu.mx\/index.php\/2024\/06\/29\/ejecucion-de-mi-primer-proyecto\/\"><\/a><\/div><div class=\"eael-entry-thumbnail eael-image-ratio\">\n                <img decoding=\"async\" width=\"300\" height=\"164\" src=\"https:\/\/dsantana.uas.edu.mx\/wp-content\/uploads\/2024\/06\/image-3-300x164.png\" class=\"attachment-medium size-medium wp-image-1655\" alt=\"\" srcset=\"https:\/\/dsantana.uas.edu.mx\/wp-content\/uploads\/2024\/06\/image-3-300x164.png 300w, https:\/\/dsantana.uas.edu.mx\/wp-content\/uploads\/2024\/06\/image-3-1024x560.png 1024w, https:\/\/dsantana.uas.edu.mx\/wp-content\/uploads\/2024\/06\/image-3-768x420.png 768w, https:\/\/dsantana.uas.edu.mx\/wp-content\/uploads\/2024\/06\/image-3-1536x840.png 1536w, https:\/\/dsantana.uas.edu.mx\/wp-content\/uploads\/2024\/06\/image-3.png 1920w\" sizes=\"(max-width: 300px) 100vw, 300px\" \/>\n            <\/div>\n        <\/div><div class=\"eael-entry-wrapper\"><header class=\"eael-entry-header\"><h2 class=\"eael-entry-title\"><a class=\"eael-grid-post-link\" href=\"https:\/\/dsantana.uas.edu.mx\/index.php\/2024\/06\/29\/ejecucion-de-mi-primer-proyecto\/\" title=\"Ejecuci\u00f3n de mi primer proyecto\">Ejecuci\u00f3n de mi primer proyecto<\/a><\/h2><\/header><div class=\"eael-entry-content\">\n                        <div class=\"eael-grid-post-excerpt\"><p>A continuaci\u00f3n, te guiar\u00e9 a trav\u00e9s de los pasos que debes seguir despu\u00e9s de crear los archivos&nbsp;docker-compose.yaml&nbsp;y&nbsp;Dockerfile: \u00a1Listo! Ahora deber\u00edas tener tus servicios funcionando.<\/p><a href=\"https:\/\/dsantana.uas.edu.mx\/index.php\/2024\/06\/29\/ejecucion-de-mi-primer-proyecto\/\" class=\"eael-post-elements-readmore-btn\">Leer m\u00e1s<\/a><\/div>\n                    <\/div><div class=\"eael-entry-footer\"><div class=\"eael-entry-meta\"><span class=\"eael-posted-on\"><time datetime=\"29 junio 2024\">29 junio 2024<\/time><\/span><\/div><\/div><\/div><\/div>\n        <\/div>\n    <\/article><article class=\"eael-grid-post  eael-post-grid-column eael-pg-post-1056 category-contenedores-docencia-docker-docker-contenedores-talleres-virtualizacion\" data-id=\"1056\">\n        <div class=\"eael-grid-post-holder\">\n            <div class=\"eael-grid-post-holder-inner\"><div class=\"eael-entry-media\"><div class=\"eael-entry-overlay fade-in\"><i class=\"fas fa-long-arrow-alt-right\" aria-hidden=\"true\"><\/i><a href=\"https:\/\/dsantana.uas.edu.mx\/index.php\/2024\/06\/29\/docker-compose-yaml\/\"><\/a><\/div><div class=\"eael-entry-thumbnail eael-image-ratio\">\n                <img decoding=\"async\" width=\"300\" height=\"164\" src=\"https:\/\/dsantana.uas.edu.mx\/wp-content\/uploads\/2024\/06\/image-2-300x164.png\" class=\"attachment-medium size-medium wp-image-1653\" alt=\"\" srcset=\"https:\/\/dsantana.uas.edu.mx\/wp-content\/uploads\/2024\/06\/image-2-300x164.png 300w, https:\/\/dsantana.uas.edu.mx\/wp-content\/uploads\/2024\/06\/image-2-1024x560.png 1024w, https:\/\/dsantana.uas.edu.mx\/wp-content\/uploads\/2024\/06\/image-2-768x420.png 768w, https:\/\/dsantana.uas.edu.mx\/wp-content\/uploads\/2024\/06\/image-2-1536x840.png 1536w, https:\/\/dsantana.uas.edu.mx\/wp-content\/uploads\/2024\/06\/image-2.png 1920w\" sizes=\"(max-width: 300px) 100vw, 300px\" \/>\n            <\/div>\n        <\/div><div class=\"eael-entry-wrapper\"><header class=\"eael-entry-header\"><h2 class=\"eael-entry-title\"><a class=\"eael-grid-post-link\" href=\"https:\/\/dsantana.uas.edu.mx\/index.php\/2024\/06\/29\/docker-compose-yaml\/\" title=\"docker-compose.yaml\">docker-compose.yaml<\/a><\/h2><\/header><div class=\"eael-entry-content\">\n                        <div class=\"eael-grid-post-excerpt\"><p>Un archivo&nbsp;docker-compose.yaml&nbsp;representa la configuraci\u00f3n de una aplicaci\u00f3n multi-contenedor en Docker.&nbsp;En \u00e9l, se definen los servicios, redes y vol\u00famenes que componen la aplicaci\u00f3n, todo en un \u00fanico archivo YAML. Crear el...<\/p><a href=\"https:\/\/dsantana.uas.edu.mx\/index.php\/2024\/06\/29\/docker-compose-yaml\/\" class=\"eael-post-elements-readmore-btn\">Leer m\u00e1s<\/a><\/div>\n                    <\/div><div class=\"eael-entry-footer\"><div class=\"eael-entry-meta\"><span class=\"eael-posted-on\"><time datetime=\"29 junio 2024\">29 junio 2024<\/time><\/span><\/div><\/div><\/div><\/div>\n        <\/div>\n    <\/article><article class=\"eael-grid-post  eael-post-grid-column eael-pg-post-1053 category-contenedores-docencia-docker-contenedores-docker-talleres-virtualizacion\" data-id=\"1053\">\n        <div class=\"eael-grid-post-holder\">\n            <div class=\"eael-grid-post-holder-inner\"><div class=\"eael-entry-media\"><div class=\"eael-entry-overlay fade-in\"><i class=\"fas fa-long-arrow-alt-right\" aria-hidden=\"true\"><\/i><a href=\"https:\/\/dsantana.uas.edu.mx\/index.php\/2024\/06\/29\/dockerfile\/\"><\/a><\/div><div class=\"eael-entry-thumbnail eael-image-ratio\">\n                <img loading=\"lazy\" decoding=\"async\" width=\"300\" height=\"164\" src=\"https:\/\/dsantana.uas.edu.mx\/wp-content\/uploads\/2024\/06\/image-300x164.png\" class=\"attachment-medium size-medium wp-image-1652\" alt=\"\" srcset=\"https:\/\/dsantana.uas.edu.mx\/wp-content\/uploads\/2024\/06\/image-300x164.png 300w, https:\/\/dsantana.uas.edu.mx\/wp-content\/uploads\/2024\/06\/image-1024x560.png 1024w, https:\/\/dsantana.uas.edu.mx\/wp-content\/uploads\/2024\/06\/image-768x420.png 768w, https:\/\/dsantana.uas.edu.mx\/wp-content\/uploads\/2024\/06\/image-1536x840.png 1536w, https:\/\/dsantana.uas.edu.mx\/wp-content\/uploads\/2024\/06\/image.png 1920w\" sizes=\"(max-width: 300px) 100vw, 300px\" \/>\n            <\/div>\n        <\/div><div class=\"eael-entry-wrapper\"><header class=\"eael-entry-header\"><h2 class=\"eael-entry-title\"><a class=\"eael-grid-post-link\" href=\"https:\/\/dsantana.uas.edu.mx\/index.php\/2024\/06\/29\/dockerfile\/\" title=\"Dockerfile\">Dockerfile<\/a><\/h2><\/header><div class=\"eael-entry-content\">\n                        <div class=\"eael-grid-post-excerpt\"><p>Un Dockerfile es un documento de texto que contiene todas las instrucciones necesarias para construir una imagen de Docker. En \u00e9l, se describen los comandos que un usuario podr\u00eda ejecutar...<\/p><a href=\"https:\/\/dsantana.uas.edu.mx\/index.php\/2024\/06\/29\/dockerfile\/\" class=\"eael-post-elements-readmore-btn\">Leer m\u00e1s<\/a><\/div>\n                    <\/div><div class=\"eael-entry-footer\"><div class=\"eael-entry-meta\"><span class=\"eael-posted-on\"><time datetime=\"29 junio 2024\">29 junio 2024<\/time><\/span><\/div><\/div><\/div><\/div>\n        <\/div>\n    <\/article><article class=\"eael-grid-post  eael-post-grid-column eael-pg-post-1012 category-contenedores-docencia-docker-contenedores-docker-talleres-virtualizacion\" data-id=\"1012\">\n        <div class=\"eael-grid-post-holder\">\n            <div class=\"eael-grid-post-holder-inner\"><div class=\"eael-entry-media\"><div class=\"eael-entry-overlay fade-in\"><i class=\"fas fa-long-arrow-alt-right\" aria-hidden=\"true\"><\/i><a href=\"https:\/\/dsantana.uas.edu.mx\/index.php\/2024\/06\/28\/instalacion-y-configuracion-de-docker-en-debian-linux\/\"><\/a><\/div><div class=\"eael-entry-thumbnail eael-image-ratio\">\n                <img loading=\"lazy\" decoding=\"async\" width=\"300\" height=\"174\" src=\"https:\/\/dsantana.uas.edu.mx\/wp-content\/uploads\/2024\/06\/image-1-300x174.png\" class=\"attachment-medium size-medium wp-image-1650\" alt=\"\" srcset=\"https:\/\/dsantana.uas.edu.mx\/wp-content\/uploads\/2024\/06\/image-1-300x174.png 300w, https:\/\/dsantana.uas.edu.mx\/wp-content\/uploads\/2024\/06\/image-1-1024x595.png 1024w, https:\/\/dsantana.uas.edu.mx\/wp-content\/uploads\/2024\/06\/image-1-768x446.png 768w, https:\/\/dsantana.uas.edu.mx\/wp-content\/uploads\/2024\/06\/image-1-1536x893.png 1536w, https:\/\/dsantana.uas.edu.mx\/wp-content\/uploads\/2024\/06\/image-1.png 1858w\" sizes=\"(max-width: 300px) 100vw, 300px\" \/>\n            <\/div>\n        <\/div><div class=\"eael-entry-wrapper\"><header class=\"eael-entry-header\"><h2 class=\"eael-entry-title\"><a class=\"eael-grid-post-link\" href=\"https:\/\/dsantana.uas.edu.mx\/index.php\/2024\/06\/28\/instalacion-y-configuracion-de-docker-en-debian-linux\/\" title=\"Instalacion y configuracion de Docker en Debian Linux\">Instalacion y configuracion de Docker en Debian Linux<\/a><\/h2><\/header><div class=\"eael-entry-content\">\n                        <div class=\"eael-grid-post-excerpt\"><p>Docker es una plataforma de c\u00f3digo abierto que permite desarrollar, enviar y ejecutar aplicaciones dentro de contenedores.&nbsp;Los contenedores son entornos ligeros y port\u00e1tiles que incluyen todo lo necesario para ejecutar...<\/p><a href=\"https:\/\/dsantana.uas.edu.mx\/index.php\/2024\/06\/28\/instalacion-y-configuracion-de-docker-en-debian-linux\/\" class=\"eael-post-elements-readmore-btn\">Leer m\u00e1s<\/a><\/div>\n                    <\/div><div class=\"eael-entry-footer\"><div class=\"eael-entry-meta\"><span class=\"eael-posted-on\"><time datetime=\"28 junio 2024\">28 junio 2024<\/time><\/span><\/div><\/div><\/div><\/div>\n        <\/div>\n    <\/article><\/div>\n            <div class=\"clearfix\"><\/div>\n        <\/div>\t\t\t\t<\/div>\n\t\t\t\t<\/div>\n\t\t\t\t<\/div>\n\t\t\t\t\t<\/div>\n\t\t\t\t<\/div>\n\t\t\t\t<\/div>\n\t\t","protected":false},"excerpt":{"rendered":"<p>\u00a1Bienvenido al espacio de Talleres, de mi sito web acad\u00e9mico!. Me complace enormemente tenerte aqu\u00ed. Este es un lugar donde la creatividad, el aprendizaje y la innovaci\u00f3n se encuentran. Ya sea que seas un principiante curioso o un experto en busca de perfeccionar tus habilidades, mis talleres est\u00e1n dise\u00f1ados para ofrecerte una experiencia enriquecedora y pr\u00e1ctica. En esta secci\u00f3n, encontrar\u00e1s una amplia variedad de talleres que abarcan temas como: Introducci\u00f3n a Docker: Aprende los conceptos b\u00e1sicos de Docker y c\u00f3mo utilizar esta potente herramienta de contenedores. Despliegue de aplicaciones: Descubre c\u00f3mo empaquetar y desplegar aplicaciones en contenedores de manera eficiente. Gesti\u00f3n de contenedores: Domina las t\u00e9cnicas para gestionar y orquestar contenedores utilizando Docker Compose y Kubernetes. Seguridad en contenedores: Protege tus aplicaciones y datos implementando buenas pr\u00e1cticas de seguridad en entornos de contenedores. Integraci\u00f3n continua y despliegue continuo (CI\/CD): Implementa pipelines de CI\/CD para automatizar el desarrollo y despliegue de tus aplicaciones. Explora mis talleres, participa activamente y no dudes en compartir tus ideas y preguntas. Estoy aqu\u00ed para apoyarte en cada paso de tu viaje de aprendizaje. \u00a1Vamos a crear y aprender juntos! Simplificando el Despliegue de Aplicaciones Introducci\u00f3n Simplificando el Despliegue de Aplicaciones significa hacer m\u00e1s f\u00e1cil o reducir la complejidad del proceso de implementar o poner en funcionamiento aplicaciones inform\u00e1ticas. En el contexto del t\u00edtulo Simplificando&#8230; Leer m\u00e1s 17 octubre 2024 Ejecuci\u00f3n de mi primer proyecto A continuaci\u00f3n, te guiar\u00e9 a trav\u00e9s de los pasos que debes seguir despu\u00e9s de crear los archivos&nbsp;docker-compose.yaml&nbsp;y&nbsp;Dockerfile: \u00a1Listo! Ahora deber\u00edas tener tus servicios funcionando. Leer m\u00e1s 29 junio 2024 docker-compose.yaml Un archivo&nbsp;docker-compose.yaml&nbsp;representa la configuraci\u00f3n de una aplicaci\u00f3n multi-contenedor en Docker.&nbsp;En \u00e9l, se definen los servicios, redes y vol\u00famenes que componen la aplicaci\u00f3n, todo en un \u00fanico archivo YAML. Crear el&#8230; Leer m\u00e1s 29 junio 2024 Dockerfile Un Dockerfile es un documento de texto que contiene todas las instrucciones necesarias para construir una imagen de Docker. En \u00e9l, se describen los comandos que un usuario podr\u00eda ejecutar&#8230; Leer m\u00e1s 29 junio 2024 Instalacion y configuracion de Docker en Debian Linux Docker es una plataforma de c\u00f3digo abierto que permite desarrollar, enviar y ejecutar aplicaciones dentro de contenedores.&nbsp;Los contenedores son entornos ligeros y port\u00e1tiles que incluyen todo lo necesario para ejecutar&#8230; Leer m\u00e1s 28 junio 2024<\/p>\n","protected":false},"author":1,"featured_media":0,"parent":0,"menu_order":0,"comment_status":"closed","ping_status":"closed","template":"","meta":{"footnotes":""},"class_list":["post-1639","page","type-page","status-publish","hentry"],"_links":{"self":[{"href":"https:\/\/dsantana.uas.edu.mx\/index.php\/wp-json\/wp\/v2\/pages\/1639","targetHints":{"allow":["GET"]}}],"collection":[{"href":"https:\/\/dsantana.uas.edu.mx\/index.php\/wp-json\/wp\/v2\/pages"}],"about":[{"href":"https:\/\/dsantana.uas.edu.mx\/index.php\/wp-json\/wp\/v2\/types\/page"}],"author":[{"embeddable":true,"href":"https:\/\/dsantana.uas.edu.mx\/index.php\/wp-json\/wp\/v2\/users\/1"}],"replies":[{"embeddable":true,"href":"https:\/\/dsantana.uas.edu.mx\/index.php\/wp-json\/wp\/v2\/comments?post=1639"}],"version-history":[{"count":10,"href":"https:\/\/dsantana.uas.edu.mx\/index.php\/wp-json\/wp\/v2\/pages\/1639\/revisions"}],"predecessor-version":[{"id":1680,"href":"https:\/\/dsantana.uas.edu.mx\/index.php\/wp-json\/wp\/v2\/pages\/1639\/revisions\/1680"}],"wp:attachment":[{"href":"https:\/\/dsantana.uas.edu.mx\/index.php\/wp-json\/wp\/v2\/media?parent=1639"}],"curies":[{"name":"wp","href":"https:\/\/api.w.org\/{rel}","templated":true}]}}