{"id":1662,"date":"2025-01-17T22:55:54","date_gmt":"2025-01-17T22:55:54","guid":{"rendered":"https:\/\/dsantana.uas.edu.mx\/?page_id=1662"},"modified":"2025-01-17T22:56:57","modified_gmt":"2025-01-17T22:56:57","slug":"articulos-cientificos","status":"publish","type":"page","link":"https:\/\/dsantana.uas.edu.mx\/index.php\/articulos-cientificos\/","title":{"rendered":"Art\u00edculos Cientificos"},"content":{"rendered":"\t\t<div data-elementor-type=\"wp-page\" data-elementor-id=\"1662\" class=\"elementor elementor-1662\">\n\t\t\t\t<div class=\"elementor-element elementor-element-3f874379 e-flex e-con-boxed wpr-particle-no wpr-jarallax-no wpr-parallax-no wpr-sticky-section-no elementor-invisible e-con e-parent\" data-id=\"3f874379\" data-element_type=\"container\" data-e-type=\"container\" data-settings=\"{&quot;animation&quot;:&quot;fadeInDown&quot;}\">\n\t\t\t\t\t<div class=\"e-con-inner\">\n\t\t\t\t\t\t<div class=\"premium-shape-divider__shape-container\" id=\"premium-shape-divider-7582fbd\" style=\"visibility:hidden; position: absolute; opacity:0;\">\r\n\t\t\t\t\t<svg id='Layer_1' xmlns='http:\/\/www.w3.org\/2000\/svg' aria-hidden='true' width='1000' height='100' preserveAspectRatio='none' viewBox='0 0 1000 100'><defs><style>.premium-sh-cls-2{opacity:.33;}.premium-sh-cls-2,.premium-sh-cls-3{isolation:isolate;}.premium-sh-cls-3{opacity:.66;}<\/style><\/defs><path class='premium-sh-cls-2' d='m527,32.7c203.9-88.3,263.1,34,320.3,0,86.7-51.8,152.7,7.6,152.7,7.6v59.7H0v-59.7S62.1,14.2,94.9,11c32.8-3.3,62.8,12.3,75.8,22.1,23.3,17.3,84,58.2,134.4,62.2s202.5-54.3,221.9-62.6Z'\/><path class='premium-sh-cls-3' d='m266,32.7c45.5,0,77.2,23.2,129.1,39.1,28.6,8.7,150.3,10.1,254-39.1,103.7-49.2,91.7,34.4,149.2,0,86-51,201.7,27.5,201.7,27.5v39.8H0v-36.5s28.2,18.5,92.1,18.5c97.7-.1,132.2-49.3,173.9-49.3Z'\/><path class='premium-sh-cls-1' d='m233.9,71.1c200,57.5,266-65.5,395.1-19.5,129,46.6,129,43,186.2,27.8,56.8-15.2,52.5-24.3,94.9-31.9,61.3-11.2,89.9,52.5,89.9,52.5H0s9.9-40.9,83.6-48.1,86.8,1.1,150.3,19.2Z'\/><\/svg>\t\t\t\t<\/div>\r\n\t\t\t<div class=\"elementor-element elementor-element-7582fbd e-con-full premium-shape-divider-yes premium-shape5 e-flex premium-shape-divider__default premium-shape-divider-anime-yes premium-sh-no-stretch-yes wpr-particle-no wpr-jarallax-no wpr-parallax-no wpr-sticky-section-no e-con e-child\" data-id=\"7582fbd\" data-element_type=\"container\" data-e-type=\"container\">\n\t\t\t\t<div class=\"elementor-element elementor-element-e3caef6 elementor-widget elementor-widget-eael-fancy-text\" data-id=\"e3caef6\" data-element_type=\"widget\" data-e-type=\"widget\" data-widget_type=\"eael-fancy-text.default\">\n\t\t\t\t<div class=\"elementor-widget-container\">\n\t\t\t\t\t\n\t<div  class=\"eael-fancy-text-container style-1\" data-fancy-text-id=\"e3caef6\" data-fancy-text=\"|\u00a1Bienvenido al espacio de Talleres|de mi sito web acad\u00e9mico!.\" data-fancy-text-transition-type=\"typing\" data-fancy-text-speed=\"50\" data-fancy-text-delay=\"2500\" data-fancy-text-cursor=\"yes\" data-fancy-text-loop=\"yes\" data-fancy-text-action=\"page_load\" >\n\t\t\n\t\t\n\t\t\t\t\t<span id=\"eael-fancy-text-e3caef6\" class=\"eael-fancy-text-strings solid-color\">\n\t\t\t\t<noscript>\n\t\t\t\t\t\u00a1Bienvenido al espacio de Talleres, de mi sito web acad\u00e9mico!.\t\t\t\t<\/noscript>\n\t\t\t<\/span>\n\t\t\n\t\t\t<\/div><!-- close .eael-fancy-text-container -->\n\n\t<div class=\"clearfix\"><\/div>\n\n\t\t\t\t\t<\/div>\n\t\t\t\t<\/div>\n\t\t\t\t<div class=\"elementor-element elementor-element-fcb0469 elementor-widget elementor-widget-text-editor\" data-id=\"fcb0469\" data-element_type=\"widget\" data-e-type=\"widget\" data-widget_type=\"text-editor.default\">\n\t\t\t\t<div class=\"elementor-widget-container\">\n\t\t\t\t\t\t\t\t\t<p>Me complace enormemente tenerte aqu\u00ed. Este es un lugar donde la investigaci\u00f3n, el conocimiento y la innovaci\u00f3n se encuentran. Ya sea que seas un estudiante, un investigador o simplemente alguien interesado en el avance de la ciencia y la tecnolog\u00eda, nuestros art\u00edculos est\u00e1n dise\u00f1ados para ofrecerte una experiencia enriquecedora y educativa.<\/p><p>En esta secci\u00f3n, encontrar\u00e1s una variedad de art\u00edculos cient\u00edficos que abarcan temas como:<\/p><ul><li><strong>An\u00e1lisis del impacto de la inteligencia artificial en el \u00e1mbito del dise\u00f1o gr\u00e1fico<\/strong>: Explora c\u00f3mo la IA est\u00e1 transformando el dise\u00f1o gr\u00e1fico.<\/li><li><strong>Las tecnolog\u00edas inform\u00e1ticas y de comunicaci\u00f3n como recurso did\u00e1ctico en la universidad<\/strong>: Descubre c\u00f3mo las TIC est\u00e1n revolucionando la educaci\u00f3n superior.<\/li><li><strong>Instalaci\u00f3n de Kerberos como controlador de dominio<\/strong>: Aprende sobre la implementaci\u00f3n de Kerberos en entornos acad\u00e9micos.<\/li><li><strong>El uso de las TIC y los estudiantes universitarios<\/strong>: Investiga c\u00f3mo las tecnolog\u00edas est\u00e1n influyendo en la vida acad\u00e9mica de los estudiantes.<\/li><\/ul><p>Explora mis art\u00edculos, participa activamente y no dudes en compartir tus ideas y preguntas. Estamos aqu\u00ed para apoyarte en cada paso de tu viaje de aprendizaje e investigaci\u00f3n.<\/p><p>\u00a1Vamos a descubrir y aprender juntos!<\/p>\t\t\t\t\t\t\t\t<\/div>\n\t\t\t\t<\/div>\n\t\t\t\t<\/div>\n\t\t\t\t\t<\/div>\n\t\t\t\t<\/div>\n\t\t<div class=\"elementor-element elementor-element-15a28fd e-flex e-con-boxed wpr-particle-no wpr-jarallax-no wpr-parallax-no wpr-sticky-section-no elementor-invisible e-con e-parent\" data-id=\"15a28fd\" data-element_type=\"container\" data-e-type=\"container\" data-settings=\"{&quot;animation&quot;:&quot;fadeInUp&quot;}\">\n\t\t\t\t\t<div class=\"e-con-inner\">\n\t\t\t\t\t\t<div class=\"premium-shape-divider__shape-container\" id=\"premium-shape-divider-e9348de\" style=\"visibility:hidden; position: absolute; opacity:0;\">\r\n\t\t\t\t\t<svg id='Layer_1' xmlns='http:\/\/www.w3.org\/2000\/svg' aria-hidden='true' width='1000' height='100' preserveAspectRatio='none' viewBox='0 0 1000 100'><defs><style>.premium-sh-cls-2{opacity:.33;}.premium-sh-cls-2,.premium-sh-cls-3{isolation:isolate;}.premium-sh-cls-3{opacity:.66;}<\/style><\/defs><path class='premium-sh-cls-2' d='m527,32.7c203.9-88.3,263.1,34,320.3,0,86.7-51.8,152.7,7.6,152.7,7.6v59.7H0v-59.7S62.1,14.2,94.9,11c32.8-3.3,62.8,12.3,75.8,22.1,23.3,17.3,84,58.2,134.4,62.2s202.5-54.3,221.9-62.6Z'\/><path class='premium-sh-cls-3' d='m266,32.7c45.5,0,77.2,23.2,129.1,39.1,28.6,8.7,150.3,10.1,254-39.1,103.7-49.2,91.7,34.4,149.2,0,86-51,201.7,27.5,201.7,27.5v39.8H0v-36.5s28.2,18.5,92.1,18.5c97.7-.1,132.2-49.3,173.9-49.3Z'\/><path class='premium-sh-cls-1' d='m233.9,71.1c200,57.5,266-65.5,395.1-19.5,129,46.6,129,43,186.2,27.8,56.8-15.2,52.5-24.3,94.9-31.9,61.3-11.2,89.9,52.5,89.9,52.5H0s9.9-40.9,83.6-48.1,86.8,1.1,150.3,19.2Z'\/><\/svg>\t\t\t\t<\/div>\r\n\t\t\t<div class=\"elementor-element elementor-element-e9348de e-con-full premium-shape-divider-yes premium-shape5 e-flex premium-shape-divider__default premium-shape-divider-anime-yes premium-sh-no-stretch-yes wpr-particle-no wpr-jarallax-no wpr-parallax-no wpr-sticky-section-no e-con e-child\" data-id=\"e9348de\" data-element_type=\"container\" data-e-type=\"container\">\n\t\t\t\t<div class=\"elementor-element elementor-element-ae40033 elementor-grid-eael-col-4 elementor-grid-tablet-eael-col-2 elementor-grid-mobile-eael-col-1 elementor-widget elementor-widget-eael-post-grid\" data-id=\"ae40033\" data-element_type=\"widget\" data-e-type=\"widget\" data-settings=\"{&quot;eael_post_grid_columns&quot;:&quot;eael-col-4&quot;,&quot;eael_post_grid_columns_tablet&quot;:&quot;eael-col-2&quot;,&quot;eael_post_grid_columns_mobile&quot;:&quot;eael-col-1&quot;}\" data-widget_type=\"eael-post-grid.default\">\n\t\t\t\t<div class=\"elementor-widget-container\">\n\t\t\t\t\t<div id=\"eael-post-grid-ae40033\" class=\"eael-post-grid-container\">\n            <div class=\"eael-post-grid eael-post-appender eael-post-appender-ae40033 eael-post-grid-style-one\" data-layout-mode=\"masonry\"><article class=\"eael-grid-post  eael-post-grid-column eael-pg-post-1400 category-articulos-cientificos-produccion-academica\" data-id=\"1400\">\n        <div class=\"eael-grid-post-holder\">\n            <div class=\"eael-grid-post-holder-inner\"><div class=\"eael-entry-media\"><div class=\"eael-entry-overlay fade-in\"><i class=\"fas fa-long-arrow-alt-right\" aria-hidden=\"true\"><\/i><a href=\"https:\/\/dsantana.uas.edu.mx\/index.php\/2024\/12\/12\/analisis-del-impacto-de-la-inteligencia-artificial-en-el-ambito-del-diseno-grafico\/\"><\/a><\/div><div class=\"eael-entry-thumbnail eael-image-ratio\">\n                <img decoding=\"async\" width=\"300\" height=\"162\" src=\"https:\/\/dsantana.uas.edu.mx\/wp-content\/uploads\/2025\/01\/image-3-300x162.png\" class=\"attachment-medium size-medium wp-image-1401\" alt=\"\" srcset=\"https:\/\/dsantana.uas.edu.mx\/wp-content\/uploads\/2025\/01\/image-3-300x162.png 300w, https:\/\/dsantana.uas.edu.mx\/wp-content\/uploads\/2025\/01\/image-3-1024x554.png 1024w, https:\/\/dsantana.uas.edu.mx\/wp-content\/uploads\/2025\/01\/image-3-768x416.png 768w, https:\/\/dsantana.uas.edu.mx\/wp-content\/uploads\/2025\/01\/image-3.png 1399w\" sizes=\"(max-width: 300px) 100vw, 300px\" \/>\n            <\/div>\n        <\/div><div class=\"eael-entry-wrapper\"><header class=\"eael-entry-header\"><h2 class=\"eael-entry-title\"><a class=\"eael-grid-post-link\" href=\"https:\/\/dsantana.uas.edu.mx\/index.php\/2024\/12\/12\/analisis-del-impacto-de-la-inteligencia-artificial-en-el-ambito-del-diseno-grafico\/\" title=\"AN\u00c1LISIS DEL IMPACTO DE LA INTELIGENCIA ARTIFICIAL EN EL \u00c1MBITO DEL DISE\u00d1O GR\u00c1FICO\">AN\u00c1LISIS DEL IMPACTO DE LA INTELIGENCIA ARTIFICIAL EN EL \u00c1MBITO DEL DISE\u00d1O GR\u00c1FICO<\/a><\/h2><\/header><div class=\"eael-entry-content\">\n                        <div class=\"eael-grid-post-excerpt\"><p><\/p><a href=\"https:\/\/dsantana.uas.edu.mx\/index.php\/2024\/12\/12\/analisis-del-impacto-de-la-inteligencia-artificial-en-el-ambito-del-diseno-grafico\/\" class=\"eael-post-elements-readmore-btn\">Leer m\u00e1s<\/a><\/div>\n                    <\/div><div class=\"eael-entry-footer\"><div class=\"eael-entry-meta\"><span class=\"eael-posted-on\"><time datetime=\"12 diciembre 2024\">12 diciembre 2024<\/time><\/span><\/div><\/div><\/div><\/div>\n        <\/div>\n    <\/article><article class=\"eael-grid-post  eael-post-grid-column eael-pg-post-1397 category-articulos-cientificos-produccion-academica\" data-id=\"1397\">\n        <div class=\"eael-grid-post-holder\">\n            <div class=\"eael-grid-post-holder-inner\"><div class=\"eael-entry-media\"><div class=\"eael-entry-overlay fade-in\"><i class=\"fas fa-long-arrow-alt-right\" aria-hidden=\"true\"><\/i><a href=\"https:\/\/dsantana.uas.edu.mx\/index.php\/2019\/12\/17\/las-tecnologias-informaticas-y-de-comunicacion-como-recurso-didactico-enla-universidad\/\"><\/a><\/div><div class=\"eael-entry-thumbnail eael-image-ratio\">\n                <img fetchpriority=\"high\" decoding=\"async\" width=\"300\" height=\"186\" src=\"https:\/\/dsantana.uas.edu.mx\/wp-content\/uploads\/2025\/01\/image-2-300x186.png\" class=\"attachment-medium size-medium wp-image-1398\" alt=\"\" srcset=\"https:\/\/dsantana.uas.edu.mx\/wp-content\/uploads\/2025\/01\/image-2-300x186.png 300w, https:\/\/dsantana.uas.edu.mx\/wp-content\/uploads\/2025\/01\/image-2-1024x635.png 1024w, https:\/\/dsantana.uas.edu.mx\/wp-content\/uploads\/2025\/01\/image-2-768x476.png 768w, https:\/\/dsantana.uas.edu.mx\/wp-content\/uploads\/2025\/01\/image-2.png 1361w\" sizes=\"(max-width: 300px) 100vw, 300px\" \/>\n            <\/div>\n        <\/div><div class=\"eael-entry-wrapper\"><header class=\"eael-entry-header\"><h2 class=\"eael-entry-title\"><a class=\"eael-grid-post-link\" href=\"https:\/\/dsantana.uas.edu.mx\/index.php\/2019\/12\/17\/las-tecnologias-informaticas-y-de-comunicacion-como-recurso-didactico-enla-universidad\/\" title=\"LAS TECNOLOG\u00cdAS INFORM\u00c1TICAS Y DE COMUNICACI\u00d3N COMO RECURSO DID\u00c1CTICO ENLA UNIVERSIDAD\">LAS TECNOLOG\u00cdAS INFORM\u00c1TICAS Y DE COMUNICACI\u00d3N COMO RECURSO DID\u00c1CTICO ENLA UNIVERSIDAD<\/a><\/h2><\/header><div class=\"eael-entry-content\">\n                        <div class=\"eael-grid-post-excerpt\"><p><\/p><a href=\"https:\/\/dsantana.uas.edu.mx\/index.php\/2019\/12\/17\/las-tecnologias-informaticas-y-de-comunicacion-como-recurso-didactico-enla-universidad\/\" class=\"eael-post-elements-readmore-btn\">Leer m\u00e1s<\/a><\/div>\n                    <\/div><div class=\"eael-entry-footer\"><div class=\"eael-entry-meta\"><span class=\"eael-posted-on\"><time datetime=\"17 diciembre 2019\">17 diciembre 2019<\/time><\/span><\/div><\/div><\/div><\/div>\n        <\/div>\n    <\/article><article class=\"eael-grid-post  eael-post-grid-column eael-pg-post-1394 category-articulos-cientificos-produccion-academica\" data-id=\"1394\">\n        <div class=\"eael-grid-post-holder\">\n            <div class=\"eael-grid-post-holder-inner\"><div class=\"eael-entry-media\"><div class=\"eael-entry-overlay fade-in\"><i class=\"fas fa-long-arrow-alt-right\" aria-hidden=\"true\"><\/i><a href=\"https:\/\/dsantana.uas.edu.mx\/index.php\/2019\/12\/17\/instalacion-de-kerberos-como-controlador-de-dominio-para-equipos-del-centro-de-computo-de-la-facultad-de-informatica-mazatlan\/\"><\/a><\/div><div class=\"eael-entry-thumbnail eael-image-ratio\">\n                <img decoding=\"async\" width=\"300\" height=\"177\" src=\"https:\/\/dsantana.uas.edu.mx\/wp-content\/uploads\/2025\/01\/image-1-300x177.png\" class=\"attachment-medium size-medium wp-image-1395\" alt=\"\" srcset=\"https:\/\/dsantana.uas.edu.mx\/wp-content\/uploads\/2025\/01\/image-1-300x177.png 300w, https:\/\/dsantana.uas.edu.mx\/wp-content\/uploads\/2025\/01\/image-1-1024x604.png 1024w, https:\/\/dsantana.uas.edu.mx\/wp-content\/uploads\/2025\/01\/image-1-768x453.png 768w, https:\/\/dsantana.uas.edu.mx\/wp-content\/uploads\/2025\/01\/image-1.png 1364w\" sizes=\"(max-width: 300px) 100vw, 300px\" \/>\n            <\/div>\n        <\/div><div class=\"eael-entry-wrapper\"><header class=\"eael-entry-header\"><h2 class=\"eael-entry-title\"><a class=\"eael-grid-post-link\" href=\"https:\/\/dsantana.uas.edu.mx\/index.php\/2019\/12\/17\/instalacion-de-kerberos-como-controlador-de-dominio-para-equipos-del-centro-de-computo-de-la-facultad-de-informatica-mazatlan\/\" title=\"Instalaci\u00f3n de Kerberos como Controlador de Dominio para Equipos del Centro de C\u00f3mputo de la Facultad de Inform\u00e1tica Mazatl\u00e1n\">Instalaci\u00f3n de Kerberos como Controlador de Dominio para Equipos del Centro de C\u00f3mputo de la Facultad de Inform\u00e1tica Mazatl\u00e1n<\/a><\/h2><\/header><div class=\"eael-entry-content\">\n                        <div class=\"eael-grid-post-excerpt\"><p><\/p><a href=\"https:\/\/dsantana.uas.edu.mx\/index.php\/2019\/12\/17\/instalacion-de-kerberos-como-controlador-de-dominio-para-equipos-del-centro-de-computo-de-la-facultad-de-informatica-mazatlan\/\" class=\"eael-post-elements-readmore-btn\">Leer m\u00e1s<\/a><\/div>\n                    <\/div><div class=\"eael-entry-footer\"><div class=\"eael-entry-meta\"><span class=\"eael-posted-on\"><time datetime=\"17 diciembre 2019\">17 diciembre 2019<\/time><\/span><\/div><\/div><\/div><\/div>\n        <\/div>\n    <\/article><article class=\"eael-grid-post  eael-post-grid-column eael-pg-post-1390 category-articulos-cientificos-produccion-academica\" data-id=\"1390\">\n        <div class=\"eael-grid-post-holder\">\n            <div class=\"eael-grid-post-holder-inner\"><div class=\"eael-entry-media\"><div class=\"eael-entry-overlay fade-in\"><i class=\"fas fa-long-arrow-alt-right\" aria-hidden=\"true\"><\/i><a href=\"https:\/\/dsantana.uas.edu.mx\/index.php\/2018\/12\/30\/el-uso-de-las-tic-y-los-estudiantes-universitarios\/\"><\/a><\/div><div class=\"eael-entry-thumbnail eael-image-ratio\">\n                <img loading=\"lazy\" decoding=\"async\" width=\"300\" height=\"151\" src=\"https:\/\/dsantana.uas.edu.mx\/wp-content\/uploads\/2025\/01\/image-300x151.png\" class=\"attachment-medium size-medium wp-image-1391\" alt=\"\" srcset=\"https:\/\/dsantana.uas.edu.mx\/wp-content\/uploads\/2025\/01\/image-300x151.png 300w, https:\/\/dsantana.uas.edu.mx\/wp-content\/uploads\/2025\/01\/image-1024x515.png 1024w, https:\/\/dsantana.uas.edu.mx\/wp-content\/uploads\/2025\/01\/image-768x387.png 768w, https:\/\/dsantana.uas.edu.mx\/wp-content\/uploads\/2025\/01\/image.png 1363w\" sizes=\"(max-width: 300px) 100vw, 300px\" \/>\n            <\/div>\n        <\/div><div class=\"eael-entry-wrapper\"><header class=\"eael-entry-header\"><h2 class=\"eael-entry-title\"><a class=\"eael-grid-post-link\" href=\"https:\/\/dsantana.uas.edu.mx\/index.php\/2018\/12\/30\/el-uso-de-las-tic-y-los-estudiantes-universitarios\/\" title=\"EL USO DE LAS TIC Y LOS ESTUDIANTES UNIVERSITARIOS\">EL USO DE LAS TIC Y LOS ESTUDIANTES UNIVERSITARIOS<\/a><\/h2><\/header><div class=\"eael-entry-content\">\n                        <div class=\"eael-grid-post-excerpt\"><p><\/p><a href=\"https:\/\/dsantana.uas.edu.mx\/index.php\/2018\/12\/30\/el-uso-de-las-tic-y-los-estudiantes-universitarios\/\" class=\"eael-post-elements-readmore-btn\">Leer m\u00e1s<\/a><\/div>\n                    <\/div><div class=\"eael-entry-footer\"><div class=\"eael-entry-meta\"><span class=\"eael-posted-on\"><time datetime=\"30 diciembre 2018\">30 diciembre 2018<\/time><\/span><\/div><\/div><\/div><\/div>\n        <\/div>\n    <\/article><\/div>\n            <div class=\"clearfix\"><\/div>\n        <\/div>\t\t\t\t<\/div>\n\t\t\t\t<\/div>\n\t\t\t\t<\/div>\n\t\t\t\t\t<\/div>\n\t\t\t\t<\/div>\n\t\t\t\t<\/div>\n\t\t","protected":false},"excerpt":{"rendered":"<p>\u00a1Bienvenido al espacio de Talleres, de mi sito web acad\u00e9mico!. Me complace enormemente tenerte aqu\u00ed. Este es un lugar donde la investigaci\u00f3n, el conocimiento y la innovaci\u00f3n se encuentran. Ya sea que seas un estudiante, un investigador o simplemente alguien interesado en el avance de la ciencia y la tecnolog\u00eda, nuestros art\u00edculos est\u00e1n dise\u00f1ados para ofrecerte una experiencia enriquecedora y educativa. En esta secci\u00f3n, encontrar\u00e1s una variedad de art\u00edculos cient\u00edficos que abarcan temas como: An\u00e1lisis del impacto de la inteligencia artificial en el \u00e1mbito del dise\u00f1o gr\u00e1fico: Explora c\u00f3mo la IA est\u00e1 transformando el dise\u00f1o gr\u00e1fico. Las tecnolog\u00edas inform\u00e1ticas y de comunicaci\u00f3n como recurso did\u00e1ctico en la universidad: Descubre c\u00f3mo las TIC est\u00e1n revolucionando la educaci\u00f3n superior. Instalaci\u00f3n de Kerberos como controlador de dominio: Aprende sobre la implementaci\u00f3n de Kerberos en entornos acad\u00e9micos. El uso de las TIC y los estudiantes universitarios: Investiga c\u00f3mo las tecnolog\u00edas est\u00e1n influyendo en la vida acad\u00e9mica de los estudiantes. Explora mis art\u00edculos, participa activamente y no dudes en compartir tus ideas y preguntas. Estamos aqu\u00ed para apoyarte en cada paso de tu viaje de aprendizaje e investigaci\u00f3n. \u00a1Vamos a descubrir y aprender juntos! AN\u00c1LISIS DEL IMPACTO DE LA INTELIGENCIA ARTIFICIAL EN EL \u00c1MBITO DEL DISE\u00d1O GR\u00c1FICO Leer m\u00e1s 12 diciembre 2024 LAS TECNOLOG\u00cdAS INFORM\u00c1TICAS Y DE COMUNICACI\u00d3N COMO RECURSO DID\u00c1CTICO ENLA UNIVERSIDAD Leer m\u00e1s 17 diciembre 2019 Instalaci\u00f3n de Kerberos como Controlador de Dominio para Equipos del Centro de C\u00f3mputo de la Facultad de Inform\u00e1tica Mazatl\u00e1n Leer m\u00e1s 17 diciembre 2019 EL USO DE LAS TIC Y LOS ESTUDIANTES UNIVERSITARIOS Leer m\u00e1s 30 diciembre 2018<\/p>\n","protected":false},"author":1,"featured_media":0,"parent":0,"menu_order":0,"comment_status":"closed","ping_status":"closed","template":"","meta":{"footnotes":""},"class_list":["post-1662","page","type-page","status-publish","hentry"],"_links":{"self":[{"href":"https:\/\/dsantana.uas.edu.mx\/index.php\/wp-json\/wp\/v2\/pages\/1662","targetHints":{"allow":["GET"]}}],"collection":[{"href":"https:\/\/dsantana.uas.edu.mx\/index.php\/wp-json\/wp\/v2\/pages"}],"about":[{"href":"https:\/\/dsantana.uas.edu.mx\/index.php\/wp-json\/wp\/v2\/types\/page"}],"author":[{"embeddable":true,"href":"https:\/\/dsantana.uas.edu.mx\/index.php\/wp-json\/wp\/v2\/users\/1"}],"replies":[{"embeddable":true,"href":"https:\/\/dsantana.uas.edu.mx\/index.php\/wp-json\/wp\/v2\/comments?post=1662"}],"version-history":[{"count":7,"href":"https:\/\/dsantana.uas.edu.mx\/index.php\/wp-json\/wp\/v2\/pages\/1662\/revisions"}],"predecessor-version":[{"id":1669,"href":"https:\/\/dsantana.uas.edu.mx\/index.php\/wp-json\/wp\/v2\/pages\/1662\/revisions\/1669"}],"wp:attachment":[{"href":"https:\/\/dsantana.uas.edu.mx\/index.php\/wp-json\/wp\/v2\/media?parent=1662"}],"curies":[{"name":"wp","href":"https:\/\/api.w.org\/{rel}","templated":true}]}}