{"id":1713,"date":"2025-01-17T23:15:43","date_gmt":"2025-01-17T23:15:43","guid":{"rendered":"https:\/\/dsantana.uas.edu.mx\/?page_id=1713"},"modified":"2025-01-25T06:43:41","modified_gmt":"2025-01-25T06:43:41","slug":"practica-profesional","status":"publish","type":"page","link":"https:\/\/dsantana.uas.edu.mx\/index.php\/practica-profesional\/","title":{"rendered":"Pr\u00e1ctica Profesional"},"content":{"rendered":"\t\t<div data-elementor-type=\"wp-page\" data-elementor-id=\"1713\" class=\"elementor elementor-1713\">\n\t\t\t\t<div class=\"elementor-element elementor-element-3f874379 e-flex e-con-boxed wpr-particle-no wpr-jarallax-no wpr-parallax-no wpr-sticky-section-no elementor-invisible e-con e-parent\" data-id=\"3f874379\" data-element_type=\"container\" data-e-type=\"container\" data-settings=\"{&quot;animation&quot;:&quot;fadeInDown&quot;}\">\n\t\t\t\t\t<div class=\"e-con-inner\">\n\t\t\t\t\t\t<div class=\"premium-shape-divider__shape-container\" id=\"premium-shape-divider-7582fbd\" style=\"visibility:hidden; position: absolute; opacity:0;\">\r\n\t\t\t\t\t<svg id='Layer_1' xmlns='http:\/\/www.w3.org\/2000\/svg' aria-hidden='true' width='1000' height='100' preserveAspectRatio='none' viewBox='0 0 1000 100'><defs><style>.premium-sh-cls-2{opacity:.33;}.premium-sh-cls-2,.premium-sh-cls-3{isolation:isolate;}.premium-sh-cls-3{opacity:.66;}<\/style><\/defs><path class='premium-sh-cls-2' d='m527,32.7c203.9-88.3,263.1,34,320.3,0,86.7-51.8,152.7,7.6,152.7,7.6v59.7H0v-59.7S62.1,14.2,94.9,11c32.8-3.3,62.8,12.3,75.8,22.1,23.3,17.3,84,58.2,134.4,62.2s202.5-54.3,221.9-62.6Z'\/><path class='premium-sh-cls-3' d='m266,32.7c45.5,0,77.2,23.2,129.1,39.1,28.6,8.7,150.3,10.1,254-39.1,103.7-49.2,91.7,34.4,149.2,0,86-51,201.7,27.5,201.7,27.5v39.8H0v-36.5s28.2,18.5,92.1,18.5c97.7-.1,132.2-49.3,173.9-49.3Z'\/><path class='premium-sh-cls-1' d='m233.9,71.1c200,57.5,266-65.5,395.1-19.5,129,46.6,129,43,186.2,27.8,56.8-15.2,52.5-24.3,94.9-31.9,61.3-11.2,89.9,52.5,89.9,52.5H0s9.9-40.9,83.6-48.1,86.8,1.1,150.3,19.2Z'\/><\/svg>\t\t\t\t<\/div>\r\n\t\t\t<div class=\"elementor-element elementor-element-7582fbd e-con-full premium-shape-divider-yes premium-shape5 e-flex premium-shape-divider__default premium-shape-divider-anime-yes premium-sh-no-stretch-yes wpr-particle-no wpr-jarallax-no wpr-parallax-no wpr-sticky-section-no e-con e-child\" data-id=\"7582fbd\" data-element_type=\"container\" data-e-type=\"container\">\n\t\t\t\t<div class=\"elementor-element elementor-element-e3caef6 elementor-widget elementor-widget-eael-fancy-text\" data-id=\"e3caef6\" data-element_type=\"widget\" data-e-type=\"widget\" data-widget_type=\"eael-fancy-text.default\">\n\t\t\t\t<div class=\"elementor-widget-container\">\n\t\t\t\t\t\n\t<div  class=\"eael-fancy-text-container style-1\" data-fancy-text-id=\"e3caef6\" data-fancy-text=\"|\u00a1Bienvenido al espacio de Practica Profesional|de la FIMaz!.\" data-fancy-text-transition-type=\"typing\" data-fancy-text-speed=\"50\" data-fancy-text-delay=\"2500\" data-fancy-text-cursor=\"yes\" data-fancy-text-loop=\"yes\" data-fancy-text-action=\"page_load\" >\n\t\t\n\t\t\n\t\t\t\t\t<span id=\"eael-fancy-text-e3caef6\" class=\"eael-fancy-text-strings solid-color\">\n\t\t\t\t<noscript>\n\t\t\t\t\t\u00a1Bienvenido al espacio de Practica Profesional, de la FIMaz!.\t\t\t\t<\/noscript>\n\t\t\t<\/span>\n\t\t\n\t\t\t<\/div><!-- close .eael-fancy-text-container -->\n\n\t<div class=\"clearfix\"><\/div>\n\n\t\t\t\t\t<\/div>\n\t\t\t\t<\/div>\n\t\t\t\t<div class=\"elementor-element elementor-element-fcb0469 elementor-widget elementor-widget-text-editor\" data-id=\"fcb0469\" data-element_type=\"widget\" data-e-type=\"widget\" data-widget_type=\"text-editor.default\">\n\t\t\t\t<div class=\"elementor-widget-container\">\n\t\t\t\t\t\t\t\t\t<p>Me complace destacar la importancia del <strong>Servicio Social Universitario<\/strong>\u00a0y la\u00a0<strong>Pr\u00e1ctica Profesional<\/strong>\u00a0en nuestra instituci\u00f3n. Estos programas son fundamentales para el desarrollo integral de nuestros estudiantes, ya que les permiten aplicar los conocimientos adquiridos en el aula en contextos reales, contribuyendo al bienestar de la comunidad y al desarrollo profesional.<\/p><h3>Importancia del Servicio Social Universitario:<\/h3><ul><li><strong>Compromiso Social<\/strong>: Fomenta la responsabilidad social y el compromiso con la comunidad, permitiendo a los estudiantes contribuir al desarrollo social y econ\u00f3mico de la regi\u00f3n.<\/li><li><strong>Experiencia Pr\u00e1ctica<\/strong>: Proporciona una valiosa experiencia pr\u00e1ctica que complementa la formaci\u00f3n acad\u00e9mica, preparando a los estudiantes para enfrentar los desaf\u00edos del mundo laboral.<\/li><li><strong>Desarrollo Personal<\/strong>: Promueve el crecimiento personal y profesional, fortaleciendo habilidades como el trabajo en equipo, la comunicaci\u00f3n y la resoluci\u00f3n de problemas.<\/li><\/ul><h3>Importancia de la Pr\u00e1ctica Profesional:<\/h3><ul><li><strong>Aplicaci\u00f3n de Conocimientos<\/strong>: Permite a los estudiantes aplicar los conocimientos te\u00f3ricos en situaciones pr\u00e1cticas, facilitando una mejor comprensi\u00f3n y dominio de su campo de estudio.<\/li><li><strong>Inserci\u00f3n Laboral<\/strong>: Facilita la transici\u00f3n al mercado laboral, ofreciendo a los estudiantes la oportunidad de adquirir experiencia relevante y establecer contactos profesionales.<\/li><li><strong>Competitividad<\/strong>: Mejora la competitividad de nuestros egresados, dot\u00e1ndolos de las habilidades y competencias necesarias para destacarse en sus respectivas \u00e1reas.<\/li><\/ul><p>En la\u00a0<strong>Coordinaci\u00f3n de los Laboratorios de C\u00f3mputo de la Facultad de Inform\u00e1tica Mazatl\u00e1n<\/strong>, actualmente contamos con tres proyectos aprobados, los cuales est\u00e1n a mi cargo:<\/p><ol><li><strong>Sistema de Control de Accesos de Laboratorios de C\u00f3mputo de la Facultad de Inform\u00e1tica Mazatl\u00e1n<\/strong>.<\/li><li><strong>Mantenimiento Correctivo y Preventivo de los Equipos de C\u00f3mputo e Infraestructura de Red de la Facultad de Inform\u00e1tica Mazatl\u00e1n<\/strong>.<\/li><li><strong>Implementaci\u00f3n de Samba como Controlador de Dominio de Active Directory<\/strong>.<\/li><\/ol><p>En la Universidad Aut\u00f3noma de Sinaloa, estamos comprometidos con la formaci\u00f3n de profesionales competentes y ciudadanos responsables. Te invitamos a aprovechar al m\u00e1ximo estas oportunidades y a contribuir activamente al desarrollo de nuestra sociedad.<\/p>\t\t\t\t\t\t\t\t<\/div>\n\t\t\t\t<\/div>\n\t\t\t\t<\/div>\n\t\t\t\t\t<\/div>\n\t\t\t\t<\/div>\n\t\t<div class=\"elementor-element elementor-element-15a28fd e-flex e-con-boxed wpr-particle-no wpr-jarallax-no wpr-parallax-no wpr-sticky-section-no elementor-invisible e-con e-parent\" data-id=\"15a28fd\" data-element_type=\"container\" data-e-type=\"container\" data-settings=\"{&quot;animation&quot;:&quot;fadeInUp&quot;}\">\n\t\t\t\t\t<div class=\"e-con-inner\">\n\t\t\t\t\t\t<div class=\"premium-shape-divider__shape-container\" id=\"premium-shape-divider-e9348de\" style=\"visibility:hidden; position: absolute; opacity:0;\">\r\n\t\t\t\t\t<svg id='Layer_1' xmlns='http:\/\/www.w3.org\/2000\/svg' aria-hidden='true' width='1000' height='100' preserveAspectRatio='none' viewBox='0 0 1000 100'><defs><style>.premium-sh-cls-2{opacity:.33;}.premium-sh-cls-2,.premium-sh-cls-3{isolation:isolate;}.premium-sh-cls-3{opacity:.66;}<\/style><\/defs><path class='premium-sh-cls-2' d='m527,32.7c203.9-88.3,263.1,34,320.3,0,86.7-51.8,152.7,7.6,152.7,7.6v59.7H0v-59.7S62.1,14.2,94.9,11c32.8-3.3,62.8,12.3,75.8,22.1,23.3,17.3,84,58.2,134.4,62.2s202.5-54.3,221.9-62.6Z'\/><path class='premium-sh-cls-3' d='m266,32.7c45.5,0,77.2,23.2,129.1,39.1,28.6,8.7,150.3,10.1,254-39.1,103.7-49.2,91.7,34.4,149.2,0,86-51,201.7,27.5,201.7,27.5v39.8H0v-36.5s28.2,18.5,92.1,18.5c97.7-.1,132.2-49.3,173.9-49.3Z'\/><path class='premium-sh-cls-1' d='m233.9,71.1c200,57.5,266-65.5,395.1-19.5,129,46.6,129,43,186.2,27.8,56.8-15.2,52.5-24.3,94.9-31.9,61.3-11.2,89.9,52.5,89.9,52.5H0s9.9-40.9,83.6-48.1,86.8,1.1,150.3,19.2Z'\/><\/svg>\t\t\t\t<\/div>\r\n\t\t\t<div class=\"elementor-element elementor-element-e9348de e-con-full premium-shape-divider-yes premium-shape5 e-flex premium-shape-divider__default premium-shape-divider-anime-yes premium-sh-no-stretch-yes wpr-particle-no wpr-jarallax-no wpr-parallax-no wpr-sticky-section-no e-con e-child\" data-id=\"e9348de\" data-element_type=\"container\" data-e-type=\"container\">\n\t\t\t\t<div class=\"elementor-element elementor-element-ae40033 elementor-grid-eael-col-4 elementor-grid-tablet-eael-col-2 elementor-grid-mobile-eael-col-1 elementor-widget elementor-widget-eael-post-grid\" data-id=\"ae40033\" data-element_type=\"widget\" data-e-type=\"widget\" data-settings=\"{&quot;eael_post_grid_columns&quot;:&quot;eael-col-4&quot;,&quot;eael_post_grid_columns_tablet&quot;:&quot;eael-col-2&quot;,&quot;eael_post_grid_columns_mobile&quot;:&quot;eael-col-1&quot;}\" data-widget_type=\"eael-post-grid.default\">\n\t\t\t\t<div class=\"elementor-widget-container\">\n\t\t\t\t\t<div id=\"eael-post-grid-ae40033\" class=\"eael-post-grid-container\">\n            <div class=\"eael-post-grid eael-post-appender eael-post-appender-ae40033 eael-post-grid-style-one\" data-layout-mode=\"masonry\"><p class=\"no-posts-found\">\u00a1No se han encontrado entradas!<\/p><\/div>\n            <div class=\"clearfix\"><\/div>\n        <\/div>\t\t\t\t<\/div>\n\t\t\t\t<\/div>\n\t\t\t\t<\/div>\n\t\t\t\t\t<\/div>\n\t\t\t\t<\/div>\n\t\t\t\t<\/div>\n\t\t","protected":false},"excerpt":{"rendered":"<p>\u00a1Bienvenido al espacio de Practica Profesional, de la FIMaz!. Me complace destacar la importancia del Servicio Social Universitario\u00a0y la\u00a0Pr\u00e1ctica Profesional\u00a0en nuestra instituci\u00f3n. Estos programas son fundamentales para el desarrollo integral de nuestros estudiantes, ya que les permiten aplicar los conocimientos adquiridos en el aula en contextos reales, contribuyendo al bienestar de la comunidad y al desarrollo profesional. Importancia del Servicio Social Universitario: Compromiso Social: Fomenta la responsabilidad social y el compromiso con la comunidad, permitiendo a los estudiantes contribuir al desarrollo social y econ\u00f3mico de la regi\u00f3n. Experiencia Pr\u00e1ctica: Proporciona una valiosa experiencia pr\u00e1ctica que complementa la formaci\u00f3n acad\u00e9mica, preparando a los estudiantes para enfrentar los desaf\u00edos del mundo laboral. Desarrollo Personal: Promueve el crecimiento personal y profesional, fortaleciendo habilidades como el trabajo en equipo, la comunicaci\u00f3n y la resoluci\u00f3n de problemas. Importancia de la Pr\u00e1ctica Profesional: Aplicaci\u00f3n de Conocimientos: Permite a los estudiantes aplicar los conocimientos te\u00f3ricos en situaciones pr\u00e1cticas, facilitando una mejor comprensi\u00f3n y dominio de su campo de estudio. Inserci\u00f3n Laboral: Facilita la transici\u00f3n al mercado laboral, ofreciendo a los estudiantes la oportunidad de adquirir experiencia relevante y establecer contactos profesionales. Competitividad: Mejora la competitividad de nuestros egresados, dot\u00e1ndolos de las habilidades y competencias necesarias para destacarse en sus respectivas \u00e1reas. En la\u00a0Coordinaci\u00f3n de los Laboratorios de C\u00f3mputo de la Facultad de Inform\u00e1tica Mazatl\u00e1n, actualmente contamos con tres proyectos aprobados, los cuales est\u00e1n a mi cargo: Sistema de Control de Accesos de Laboratorios de C\u00f3mputo de la Facultad de Inform\u00e1tica Mazatl\u00e1n. Mantenimiento Correctivo y Preventivo de los Equipos de C\u00f3mputo e Infraestructura de Red de la Facultad de Inform\u00e1tica Mazatl\u00e1n. Implementaci\u00f3n de Samba como Controlador de Dominio de Active Directory. En la Universidad Aut\u00f3noma de Sinaloa, estamos comprometidos con la formaci\u00f3n de profesionales competentes y ciudadanos responsables. Te invitamos a aprovechar al m\u00e1ximo estas oportunidades y a contribuir activamente al desarrollo de nuestra sociedad. \u00a1No se han encontrado entradas!<\/p>\n","protected":false},"author":1,"featured_media":0,"parent":0,"menu_order":0,"comment_status":"closed","ping_status":"closed","template":"","meta":{"footnotes":""},"class_list":["post-1713","page","type-page","status-publish","hentry"],"_links":{"self":[{"href":"https:\/\/dsantana.uas.edu.mx\/index.php\/wp-json\/wp\/v2\/pages\/1713","targetHints":{"allow":["GET"]}}],"collection":[{"href":"https:\/\/dsantana.uas.edu.mx\/index.php\/wp-json\/wp\/v2\/pages"}],"about":[{"href":"https:\/\/dsantana.uas.edu.mx\/index.php\/wp-json\/wp\/v2\/types\/page"}],"author":[{"embeddable":true,"href":"https:\/\/dsantana.uas.edu.mx\/index.php\/wp-json\/wp\/v2\/users\/1"}],"replies":[{"embeddable":true,"href":"https:\/\/dsantana.uas.edu.mx\/index.php\/wp-json\/wp\/v2\/comments?post=1713"}],"version-history":[{"count":15,"href":"https:\/\/dsantana.uas.edu.mx\/index.php\/wp-json\/wp\/v2\/pages\/1713\/revisions"}],"predecessor-version":[{"id":2010,"href":"https:\/\/dsantana.uas.edu.mx\/index.php\/wp-json\/wp\/v2\/pages\/1713\/revisions\/2010"}],"wp:attachment":[{"href":"https:\/\/dsantana.uas.edu.mx\/index.php\/wp-json\/wp\/v2\/media?parent=1713"}],"curies":[{"name":"wp","href":"https:\/\/api.w.org\/{rel}","templated":true}]}}