{"id":1886,"date":"2025-01-18T16:36:26","date_gmt":"2025-01-18T16:36:26","guid":{"rendered":"https:\/\/dsantana.uas.edu.mx\/?page_id=1886"},"modified":"2025-01-18T16:46:49","modified_gmt":"2025-01-18T16:46:49","slug":"moodle","status":"publish","type":"page","link":"https:\/\/dsantana.uas.edu.mx\/index.php\/moodle\/","title":{"rendered":"Moodle"},"content":{"rendered":"\t\t<div data-elementor-type=\"wp-page\" data-elementor-id=\"1886\" class=\"elementor elementor-1886\">\n\t\t\t\t<div class=\"elementor-element elementor-element-3f874379 e-flex e-con-boxed wpr-particle-no wpr-jarallax-no wpr-parallax-no wpr-sticky-section-no elementor-invisible e-con e-parent\" data-id=\"3f874379\" data-element_type=\"container\" data-e-type=\"container\" data-settings=\"{&quot;animation&quot;:&quot;fadeInDown&quot;}\">\n\t\t\t\t\t<div class=\"e-con-inner\">\n\t\t\t\t\t\t<div class=\"premium-shape-divider__shape-container\" id=\"premium-shape-divider-7582fbd\" style=\"visibility:hidden; position: absolute; opacity:0;\">\r\n\t\t\t\t\t<svg id='Layer_1' xmlns='http:\/\/www.w3.org\/2000\/svg' aria-hidden='true' width='1000' height='100' preserveAspectRatio='none' viewBox='0 0 1000 100'><defs><style>.premium-sh-cls-2{opacity:.33;}.premium-sh-cls-2,.premium-sh-cls-3{isolation:isolate;}.premium-sh-cls-3{opacity:.66;}<\/style><\/defs><path class='premium-sh-cls-2' d='m527,32.7c203.9-88.3,263.1,34,320.3,0,86.7-51.8,152.7,7.6,152.7,7.6v59.7H0v-59.7S62.1,14.2,94.9,11c32.8-3.3,62.8,12.3,75.8,22.1,23.3,17.3,84,58.2,134.4,62.2s202.5-54.3,221.9-62.6Z'\/><path class='premium-sh-cls-3' d='m266,32.7c45.5,0,77.2,23.2,129.1,39.1,28.6,8.7,150.3,10.1,254-39.1,103.7-49.2,91.7,34.4,149.2,0,86-51,201.7,27.5,201.7,27.5v39.8H0v-36.5s28.2,18.5,92.1,18.5c97.7-.1,132.2-49.3,173.9-49.3Z'\/><path class='premium-sh-cls-1' d='m233.9,71.1c200,57.5,266-65.5,395.1-19.5,129,46.6,129,43,186.2,27.8,56.8-15.2,52.5-24.3,94.9-31.9,61.3-11.2,89.9,52.5,89.9,52.5H0s9.9-40.9,83.6-48.1,86.8,1.1,150.3,19.2Z'\/><\/svg>\t\t\t\t<\/div>\r\n\t\t\t<div class=\"elementor-element elementor-element-7582fbd e-con-full premium-shape-divider-yes premium-shape5 e-flex premium-shape-divider__default premium-shape-divider-anime-yes premium-sh-no-stretch-yes wpr-particle-no wpr-jarallax-no wpr-parallax-no wpr-sticky-section-no e-con e-child\" data-id=\"7582fbd\" data-element_type=\"container\" data-e-type=\"container\">\n\t\t\t\t<div class=\"elementor-element elementor-element-e3caef6 elementor-widget elementor-widget-eael-fancy-text\" data-id=\"e3caef6\" data-element_type=\"widget\" data-e-type=\"widget\" data-widget_type=\"eael-fancy-text.default\">\n\t\t\t\t<div class=\"elementor-widget-container\">\n\t\t\t\t\t\n\t<div  class=\"eael-fancy-text-container style-1\" data-fancy-text-id=\"e3caef6\" data-fancy-text=\"|\u00a1Bienvenido al espacio de Talleres|de mi sito web acad\u00e9mico!.\" data-fancy-text-transition-type=\"typing\" data-fancy-text-speed=\"50\" data-fancy-text-delay=\"2500\" data-fancy-text-cursor=\"yes\" data-fancy-text-loop=\"yes\" data-fancy-text-action=\"page_load\" >\n\t\t\n\t\t\n\t\t\t\t\t<span id=\"eael-fancy-text-e3caef6\" class=\"eael-fancy-text-strings solid-color\">\n\t\t\t\t<noscript>\n\t\t\t\t\t\u00a1Bienvenido al espacio de Talleres, de mi sito web acad\u00e9mico!.\t\t\t\t<\/noscript>\n\t\t\t<\/span>\n\t\t\n\t\t\t<\/div><!-- close .eael-fancy-text-container -->\n\n\t<div class=\"clearfix\"><\/div>\n\n\t\t\t\t\t<\/div>\n\t\t\t\t<\/div>\n\t\t\t\t<div class=\"elementor-element elementor-element-fcb0469 elementor-widget elementor-widget-text-editor\" data-id=\"fcb0469\" data-element_type=\"widget\" data-e-type=\"widget\" data-widget_type=\"text-editor.default\">\n\t\t\t\t<div class=\"elementor-widget-container\">\n\t\t\t\t\t\t\t\t\t<p>Me complace enormemente tenerte aqu\u00ed. Este es un lugar donde la educaci\u00f3n, la tecnolog\u00eda y la innovaci\u00f3n se encuentran. Ya sea que seas un principiante curioso o un experto en busca de perfeccionar tus habilidades, mis talleres est\u00e1n dise\u00f1ados para ofrecerte una experiencia enriquecedora y pr\u00e1ctica.<\/p><p>En esta secci\u00f3n, encontrar\u00e1s una amplia variedad de talleres que abarcan temas como:<\/p><ul><li><strong>Introducci\u00f3n a Moodle<\/strong>: Aprende los conceptos b\u00e1sicos y c\u00f3mo utilizar esta potente plataforma de gesti\u00f3n de aprendizaje.<\/li><li><strong>Administraci\u00f3n de Aulas Virtuales<\/strong>: Domina las t\u00e9cnicas para gestionar y personalizar aulas virtuales en Moodle.<\/li><li><strong>Creaci\u00f3n de Contenidos Digitales<\/strong>: Descubre c\u00f3mo crear y organizar contenidos educativos interactivos y atractivos.<\/li><li><strong>Evaluaci\u00f3n y Seguimiento<\/strong>: Implementa herramientas de evaluaci\u00f3n y seguimiento del progreso de los estudiantes.<\/li><li><strong>Integraci\u00f3n de Recursos y Actividades<\/strong>: Aprende a integrar diversos recursos y actividades para enriquecer el aprendizaje.<\/li><\/ul><p>Explora mis talleres, participa activamente y no dudes en compartir tus ideas y preguntas. Estamos aqu\u00ed para apoyarte en cada paso de tu viaje de aprendizaje.<\/p><p>\u00a1Vamos a crear y aprender juntos!<\/p>\t\t\t\t\t\t\t\t<\/div>\n\t\t\t\t<\/div>\n\t\t\t\t<\/div>\n\t\t\t\t\t<\/div>\n\t\t\t\t<\/div>\n\t\t<div class=\"elementor-element elementor-element-15a28fd e-flex e-con-boxed wpr-particle-no wpr-jarallax-no wpr-parallax-no wpr-sticky-section-no elementor-invisible e-con e-parent\" data-id=\"15a28fd\" data-element_type=\"container\" data-e-type=\"container\" data-settings=\"{&quot;animation&quot;:&quot;fadeInUp&quot;}\">\n\t\t\t\t\t<div class=\"e-con-inner\">\n\t\t\t\t\t\t<div class=\"premium-shape-divider__shape-container\" id=\"premium-shape-divider-e9348de\" style=\"visibility:hidden; position: absolute; opacity:0;\">\r\n\t\t\t\t\t<svg id='Layer_1' xmlns='http:\/\/www.w3.org\/2000\/svg' aria-hidden='true' width='1000' height='100' preserveAspectRatio='none' viewBox='0 0 1000 100'><defs><style>.premium-sh-cls-2{opacity:.33;}.premium-sh-cls-2,.premium-sh-cls-3{isolation:isolate;}.premium-sh-cls-3{opacity:.66;}<\/style><\/defs><path class='premium-sh-cls-2' d='m527,32.7c203.9-88.3,263.1,34,320.3,0,86.7-51.8,152.7,7.6,152.7,7.6v59.7H0v-59.7S62.1,14.2,94.9,11c32.8-3.3,62.8,12.3,75.8,22.1,23.3,17.3,84,58.2,134.4,62.2s202.5-54.3,221.9-62.6Z'\/><path class='premium-sh-cls-3' d='m266,32.7c45.5,0,77.2,23.2,129.1,39.1,28.6,8.7,150.3,10.1,254-39.1,103.7-49.2,91.7,34.4,149.2,0,86-51,201.7,27.5,201.7,27.5v39.8H0v-36.5s28.2,18.5,92.1,18.5c97.7-.1,132.2-49.3,173.9-49.3Z'\/><path class='premium-sh-cls-1' d='m233.9,71.1c200,57.5,266-65.5,395.1-19.5,129,46.6,129,43,186.2,27.8,56.8-15.2,52.5-24.3,94.9-31.9,61.3-11.2,89.9,52.5,89.9,52.5H0s9.9-40.9,83.6-48.1,86.8,1.1,150.3,19.2Z'\/><\/svg>\t\t\t\t<\/div>\r\n\t\t\t<div class=\"elementor-element elementor-element-e9348de e-con-full premium-shape-divider-yes premium-shape5 e-flex premium-shape-divider__default premium-shape-divider-anime-yes premium-sh-no-stretch-yes wpr-particle-no wpr-jarallax-no wpr-parallax-no wpr-sticky-section-no e-con e-child\" data-id=\"e9348de\" data-element_type=\"container\" data-e-type=\"container\">\n\t\t\t\t<div class=\"elementor-element elementor-element-ae40033 elementor-grid-eael-col-4 elementor-grid-tablet-eael-col-2 elementor-grid-mobile-eael-col-1 elementor-widget elementor-widget-eael-post-grid\" data-id=\"ae40033\" data-element_type=\"widget\" data-e-type=\"widget\" data-settings=\"{&quot;eael_post_grid_columns&quot;:&quot;eael-col-4&quot;,&quot;eael_post_grid_columns_tablet&quot;:&quot;eael-col-2&quot;,&quot;eael_post_grid_columns_mobile&quot;:&quot;eael-col-1&quot;}\" data-widget_type=\"eael-post-grid.default\">\n\t\t\t\t<div class=\"elementor-widget-container\">\n\t\t\t\t\t<div id=\"eael-post-grid-ae40033\" class=\"eael-post-grid-container\">\n            <div class=\"eael-post-grid eael-post-appender eael-post-appender-ae40033 eael-post-grid-style-one\" data-layout-mode=\"masonry\"><article class=\"eael-grid-post  eael-post-grid-column eael-pg-post-2014 category-docencia-moodle-talleres\" data-id=\"2014\">\n        <div class=\"eael-grid-post-holder\">\n            <div class=\"eael-grid-post-holder-inner\"><div class=\"eael-entry-media\"><div class=\"eael-entry-overlay fade-in\"><i class=\"fas fa-long-arrow-alt-right\" aria-hidden=\"true\"><\/i><a href=\"https:\/\/dsantana.uas.edu.mx\/index.php\/2025\/02\/01\/guia-para-aplicar-encuestas-iniciales-y-finales-en-moodle\/\"><\/a><\/div><div class=\"eael-entry-thumbnail eael-image-ratio\">\n                <img decoding=\"async\" width=\"300\" height=\"161\" src=\"https:\/\/dsantana.uas.edu.mx\/wp-content\/uploads\/2025\/01\/image-12-300x161.png\" class=\"attachment-medium size-medium wp-image-1881\" alt=\"\" srcset=\"https:\/\/dsantana.uas.edu.mx\/wp-content\/uploads\/2025\/01\/image-12-300x161.png 300w, https:\/\/dsantana.uas.edu.mx\/wp-content\/uploads\/2025\/01\/image-12-1024x550.png 1024w, https:\/\/dsantana.uas.edu.mx\/wp-content\/uploads\/2025\/01\/image-12-768x413.png 768w, https:\/\/dsantana.uas.edu.mx\/wp-content\/uploads\/2025\/01\/image-12-1536x826.png 1536w, https:\/\/dsantana.uas.edu.mx\/wp-content\/uploads\/2025\/01\/image-12.png 1920w\" sizes=\"(max-width: 300px) 100vw, 300px\" \/>\n            <\/div>\n        <\/div><div class=\"eael-entry-wrapper\"><header class=\"eael-entry-header\"><h2 class=\"eael-entry-title\"><a class=\"eael-grid-post-link\" href=\"https:\/\/dsantana.uas.edu.mx\/index.php\/2025\/02\/01\/guia-para-aplicar-encuestas-iniciales-y-finales-en-moodle\/\" title=\"Gu\u00eda para Aplicar Encuestas Iniciales y Finales en Moodle\">Gu\u00eda para Aplicar Encuestas Iniciales y Finales en Moodle<\/a><\/h2><\/header><div class=\"eael-entry-content\">\n                        <div class=\"eael-grid-post-excerpt\"><p>Moodle de la Facultad de Inform\u00e1tica Mazatl\u00e1nVersi\u00f3n:&nbsp;4.0.2URL:&nbsp;https:\/\/moodle.fimaz.uas.edu.mx\/ 1. Ingresar a Moodle 2. Activar Edici\u00f3n en el Curso 3. Agregar el Recurso \u00abRetroalimentaci\u00f3n\u00bb 4. Configurar la Retroalimentaci\u00f3n 5. Importar el Archivo...<\/p><a href=\"https:\/\/dsantana.uas.edu.mx\/index.php\/2025\/02\/01\/guia-para-aplicar-encuestas-iniciales-y-finales-en-moodle\/\" class=\"eael-post-elements-readmore-btn\">Leer m\u00e1s<\/a><\/div>\n                    <\/div><div class=\"eael-entry-footer\"><div class=\"eael-entry-meta\"><span class=\"eael-posted-on\"><time datetime=\"1 febrero 2025\">1 febrero 2025<\/time><\/span><\/div><\/div><\/div><\/div>\n        <\/div>\n    <\/article><article class=\"eael-grid-post  eael-post-grid-column eael-pg-post-1988 category-docencia-moodle-talleres\" data-id=\"1988\">\n        <div class=\"eael-grid-post-holder\">\n            <div class=\"eael-grid-post-holder-inner\"><div class=\"eael-entry-media\"><div class=\"eael-entry-overlay fade-in\"><i class=\"fas fa-long-arrow-alt-right\" aria-hidden=\"true\"><\/i><a href=\"https:\/\/dsantana.uas.edu.mx\/index.php\/2025\/01\/21\/guia-para-restaurar-cursos-desde-el-menu-importar\/\"><\/a><\/div><div class=\"eael-entry-thumbnail eael-image-ratio\">\n                <img decoding=\"async\" width=\"300\" height=\"161\" src=\"https:\/\/dsantana.uas.edu.mx\/wp-content\/uploads\/2025\/01\/image-12-300x161.png\" class=\"attachment-medium size-medium wp-image-1881\" alt=\"\" srcset=\"https:\/\/dsantana.uas.edu.mx\/wp-content\/uploads\/2025\/01\/image-12-300x161.png 300w, https:\/\/dsantana.uas.edu.mx\/wp-content\/uploads\/2025\/01\/image-12-1024x550.png 1024w, https:\/\/dsantana.uas.edu.mx\/wp-content\/uploads\/2025\/01\/image-12-768x413.png 768w, https:\/\/dsantana.uas.edu.mx\/wp-content\/uploads\/2025\/01\/image-12-1536x826.png 1536w, https:\/\/dsantana.uas.edu.mx\/wp-content\/uploads\/2025\/01\/image-12.png 1920w\" sizes=\"(max-width: 300px) 100vw, 300px\" \/>\n            <\/div>\n        <\/div><div class=\"eael-entry-wrapper\"><header class=\"eael-entry-header\"><h2 class=\"eael-entry-title\"><a class=\"eael-grid-post-link\" href=\"https:\/\/dsantana.uas.edu.mx\/index.php\/2025\/01\/21\/guia-para-restaurar-cursos-desde-el-menu-importar\/\" title=\"Gu\u00eda para restaurar cursos desde el men\u00fa \u00abImportar\u00bb\">Gu\u00eda para restaurar cursos desde el men\u00fa \u00abImportar\u00bb<\/a><\/h2><\/header><div class=\"eael-entry-content\">\n                        <div class=\"eael-grid-post-excerpt\"><p>Moodle de la Facultad de Inform\u00e1tica Mazatl\u00e1nVersi\u00f3n:&nbsp;4.0.2URL:&nbsp;https:\/\/moodle.fimaz.uas.edu.mx\/ Consejos \u00fatiles: Con estos pasos, podr\u00e1s restaurar cursos f\u00e1cilmente en Moodle utilizando la funci\u00f3n \u00abImportar\u00bb. Si necesitas asistencia adicional, contacta al soporte t\u00e9cnico...<\/p><a href=\"https:\/\/dsantana.uas.edu.mx\/index.php\/2025\/01\/21\/guia-para-restaurar-cursos-desde-el-menu-importar\/\" class=\"eael-post-elements-readmore-btn\">Leer m\u00e1s<\/a><\/div>\n                    <\/div><div class=\"eael-entry-footer\"><div class=\"eael-entry-meta\"><span class=\"eael-posted-on\"><time datetime=\"21 enero 2025\">21 enero 2025<\/time><\/span><\/div><\/div><\/div><\/div>\n        <\/div>\n    <\/article><article class=\"eael-grid-post  eael-post-grid-column eael-pg-post-1894 category-docencia-moodle-talleres\" data-id=\"1894\">\n        <div class=\"eael-grid-post-holder\">\n            <div class=\"eael-grid-post-holder-inner\"><div class=\"eael-entry-media\"><div class=\"eael-entry-overlay fade-in\"><i class=\"fas fa-long-arrow-alt-right\" aria-hidden=\"true\"><\/i><a href=\"https:\/\/dsantana.uas.edu.mx\/index.php\/2025\/01\/18\/guia-para-crear-grupos-en-moodle\/\"><\/a><\/div><div class=\"eael-entry-thumbnail eael-image-ratio\">\n                <img decoding=\"async\" width=\"300\" height=\"161\" src=\"https:\/\/dsantana.uas.edu.mx\/wp-content\/uploads\/2025\/01\/image-12-300x161.png\" class=\"attachment-medium size-medium wp-image-1881\" alt=\"\" srcset=\"https:\/\/dsantana.uas.edu.mx\/wp-content\/uploads\/2025\/01\/image-12-300x161.png 300w, https:\/\/dsantana.uas.edu.mx\/wp-content\/uploads\/2025\/01\/image-12-1024x550.png 1024w, https:\/\/dsantana.uas.edu.mx\/wp-content\/uploads\/2025\/01\/image-12-768x413.png 768w, https:\/\/dsantana.uas.edu.mx\/wp-content\/uploads\/2025\/01\/image-12-1536x826.png 1536w, https:\/\/dsantana.uas.edu.mx\/wp-content\/uploads\/2025\/01\/image-12.png 1920w\" sizes=\"(max-width: 300px) 100vw, 300px\" \/>\n            <\/div>\n        <\/div><div class=\"eael-entry-wrapper\"><header class=\"eael-entry-header\"><h2 class=\"eael-entry-title\"><a class=\"eael-grid-post-link\" href=\"https:\/\/dsantana.uas.edu.mx\/index.php\/2025\/01\/18\/guia-para-crear-grupos-en-moodle\/\" title=\"Gu\u00eda para crear grupos en Moodle\">Gu\u00eda para crear grupos en Moodle<\/a><\/h2><\/header><div class=\"eael-entry-content\">\n                        <div class=\"eael-grid-post-excerpt\"><p>Moodle de la Facultad de Inform\u00e1tica Mazatl\u00e1nVersi\u00f3n: 4.0.2URL: https:\/\/moodle.fimaz.uas.edu.mx\/ \u00bfQu\u00e9 son los grupos en Moodle? Los grupos en Moodle permiten organizar a los estudiantes dentro de un curso en subgrupos...<\/p><a href=\"https:\/\/dsantana.uas.edu.mx\/index.php\/2025\/01\/18\/guia-para-crear-grupos-en-moodle\/\" class=\"eael-post-elements-readmore-btn\">Leer m\u00e1s<\/a><\/div>\n                    <\/div><div class=\"eael-entry-footer\"><div class=\"eael-entry-meta\"><span class=\"eael-posted-on\"><time datetime=\"18 enero 2025\">18 enero 2025<\/time><\/span><\/div><\/div><\/div><\/div>\n        <\/div>\n    <\/article><article class=\"eael-grid-post  eael-post-grid-column eael-pg-post-1884 category-docencia-moodle-talleres\" data-id=\"1884\">\n        <div class=\"eael-grid-post-holder\">\n            <div class=\"eael-grid-post-holder-inner\"><div class=\"eael-entry-media\"><div class=\"eael-entry-overlay fade-in\"><i class=\"fas fa-long-arrow-alt-right\" aria-hidden=\"true\"><\/i><a href=\"https:\/\/dsantana.uas.edu.mx\/index.php\/2025\/01\/18\/guia-para-restaurar-cursos-en-moodle\/\"><\/a><\/div><div class=\"eael-entry-thumbnail eael-image-ratio\">\n                <img decoding=\"async\" width=\"300\" height=\"161\" src=\"https:\/\/dsantana.uas.edu.mx\/wp-content\/uploads\/2025\/01\/image-12-300x161.png\" class=\"attachment-medium size-medium wp-image-1881\" alt=\"\" srcset=\"https:\/\/dsantana.uas.edu.mx\/wp-content\/uploads\/2025\/01\/image-12-300x161.png 300w, https:\/\/dsantana.uas.edu.mx\/wp-content\/uploads\/2025\/01\/image-12-1024x550.png 1024w, https:\/\/dsantana.uas.edu.mx\/wp-content\/uploads\/2025\/01\/image-12-768x413.png 768w, https:\/\/dsantana.uas.edu.mx\/wp-content\/uploads\/2025\/01\/image-12-1536x826.png 1536w, https:\/\/dsantana.uas.edu.mx\/wp-content\/uploads\/2025\/01\/image-12.png 1920w\" sizes=\"(max-width: 300px) 100vw, 300px\" \/>\n            <\/div>\n        <\/div><div class=\"eael-entry-wrapper\"><header class=\"eael-entry-header\"><h2 class=\"eael-entry-title\"><a class=\"eael-grid-post-link\" href=\"https:\/\/dsantana.uas.edu.mx\/index.php\/2025\/01\/18\/guia-para-restaurar-cursos-en-moodle\/\" title=\"Gu\u00eda para restaurar cursos en Moodle\">Gu\u00eda para restaurar cursos en Moodle<\/a><\/h2><\/header><div class=\"eael-entry-content\">\n                        <div class=\"eael-grid-post-excerpt\"><p>Moodle de la Facultad de Inform\u00e1tica Mazatl\u00e1nVersi\u00f3n: 4.0.2URL: https:\/\/moodle.fimaz.uas.edu.mx\/ \u00bfQu\u00e9 es la restauraci\u00f3n de cursos? La restauraci\u00f3n de cursos en Moodle permite importar los contenidos respaldados previamente (archivos .mbz) a...<\/p><a href=\"https:\/\/dsantana.uas.edu.mx\/index.php\/2025\/01\/18\/guia-para-restaurar-cursos-en-moodle\/\" class=\"eael-post-elements-readmore-btn\">Leer m\u00e1s<\/a><\/div>\n                    <\/div><div class=\"eael-entry-footer\"><div class=\"eael-entry-meta\"><span class=\"eael-posted-on\"><time datetime=\"18 enero 2025\">18 enero 2025<\/time><\/span><\/div><\/div><\/div><\/div>\n        <\/div>\n    <\/article><article class=\"eael-grid-post  eael-post-grid-column eael-pg-post-1878 category-docencia-moodle-talleres\" data-id=\"1878\">\n        <div class=\"eael-grid-post-holder\">\n            <div class=\"eael-grid-post-holder-inner\"><div class=\"eael-entry-media\"><div class=\"eael-entry-overlay fade-in\"><i class=\"fas fa-long-arrow-alt-right\" aria-hidden=\"true\"><\/i><a href=\"https:\/\/dsantana.uas.edu.mx\/index.php\/2025\/01\/18\/guia-para-realizar-respaldos-de-cursos-en-moodle\/\"><\/a><\/div><div class=\"eael-entry-thumbnail eael-image-ratio\">\n                <img decoding=\"async\" width=\"300\" height=\"161\" src=\"https:\/\/dsantana.uas.edu.mx\/wp-content\/uploads\/2025\/01\/image-12-300x161.png\" class=\"attachment-medium size-medium wp-image-1881\" alt=\"\" srcset=\"https:\/\/dsantana.uas.edu.mx\/wp-content\/uploads\/2025\/01\/image-12-300x161.png 300w, https:\/\/dsantana.uas.edu.mx\/wp-content\/uploads\/2025\/01\/image-12-1024x550.png 1024w, https:\/\/dsantana.uas.edu.mx\/wp-content\/uploads\/2025\/01\/image-12-768x413.png 768w, https:\/\/dsantana.uas.edu.mx\/wp-content\/uploads\/2025\/01\/image-12-1536x826.png 1536w, https:\/\/dsantana.uas.edu.mx\/wp-content\/uploads\/2025\/01\/image-12.png 1920w\" sizes=\"(max-width: 300px) 100vw, 300px\" \/>\n            <\/div>\n        <\/div><div class=\"eael-entry-wrapper\"><header class=\"eael-entry-header\"><h2 class=\"eael-entry-title\"><a class=\"eael-grid-post-link\" href=\"https:\/\/dsantana.uas.edu.mx\/index.php\/2025\/01\/18\/guia-para-realizar-respaldos-de-cursos-en-moodle\/\" title=\"Gu\u00eda para realizar respaldos de cursos en Moodle\">Gu\u00eda para realizar respaldos de cursos en Moodle<\/a><\/h2><\/header><div class=\"eael-entry-content\">\n                        <div class=\"eael-grid-post-excerpt\"><p>Moodle de la Facultad de Inform\u00e1tica Mazatl\u00e1nVersi\u00f3n: 4.0.2URL: https:\/\/moodle.fimaz.uas.edu.mx\/ Pasos para realizar un respaldo de curso: Recomendaciones adicionales: V\u00eddeo:<\/p><a href=\"https:\/\/dsantana.uas.edu.mx\/index.php\/2025\/01\/18\/guia-para-realizar-respaldos-de-cursos-en-moodle\/\" class=\"eael-post-elements-readmore-btn\">Leer m\u00e1s<\/a><\/div>\n                    <\/div><div class=\"eael-entry-footer\"><div class=\"eael-entry-meta\"><span class=\"eael-posted-on\"><time datetime=\"18 enero 2025\">18 enero 2025<\/time><\/span><\/div><\/div><\/div><\/div>\n        <\/div>\n    <\/article><\/div>\n            <div class=\"clearfix\"><\/div>\n        <\/div>\t\t\t\t<\/div>\n\t\t\t\t<\/div>\n\t\t\t\t<\/div>\n\t\t\t\t\t<\/div>\n\t\t\t\t<\/div>\n\t\t\t\t<\/div>\n\t\t","protected":false},"excerpt":{"rendered":"<p>\u00a1Bienvenido al espacio de Talleres, de mi sito web acad\u00e9mico!. Me complace enormemente tenerte aqu\u00ed. Este es un lugar donde la educaci\u00f3n, la tecnolog\u00eda y la innovaci\u00f3n se encuentran. Ya sea que seas un principiante curioso o un experto en busca de perfeccionar tus habilidades, mis talleres est\u00e1n dise\u00f1ados para ofrecerte una experiencia enriquecedora y pr\u00e1ctica. En esta secci\u00f3n, encontrar\u00e1s una amplia variedad de talleres que abarcan temas como: Introducci\u00f3n a Moodle: Aprende los conceptos b\u00e1sicos y c\u00f3mo utilizar esta potente plataforma de gesti\u00f3n de aprendizaje. Administraci\u00f3n de Aulas Virtuales: Domina las t\u00e9cnicas para gestionar y personalizar aulas virtuales en Moodle. Creaci\u00f3n de Contenidos Digitales: Descubre c\u00f3mo crear y organizar contenidos educativos interactivos y atractivos. Evaluaci\u00f3n y Seguimiento: Implementa herramientas de evaluaci\u00f3n y seguimiento del progreso de los estudiantes. Integraci\u00f3n de Recursos y Actividades: Aprende a integrar diversos recursos y actividades para enriquecer el aprendizaje. Explora mis talleres, participa activamente y no dudes en compartir tus ideas y preguntas. Estamos aqu\u00ed para apoyarte en cada paso de tu viaje de aprendizaje. \u00a1Vamos a crear y aprender juntos! Gu\u00eda para crear grupos en Moodle Moodle de la Facultad de Inform\u00e1tica Mazatl\u00e1nVersi\u00f3n: 4.0.2URL: https:\/\/moodle.fimaz.uas.edu.mx\/ \u00bfQu\u00e9 son los grupos en Moodle? Los grupos en Moodle permiten organizar a los estudiantes dentro de un curso en subgrupos&#8230; Leer m\u00e1s 18 enero 2025 Gu\u00eda para restaurar cursos en Moodle Moodle de la Facultad de Inform\u00e1tica Mazatl\u00e1nVersi\u00f3n: 4.0.2URL: https:\/\/moodle.fimaz.uas.edu.mx\/ \u00bfQu\u00e9 es la restauraci\u00f3n de cursos? La restauraci\u00f3n de cursos en Moodle permite importar los contenidos respaldados previamente (archivos .mbz) a&#8230; Leer m\u00e1s 18 enero 2025 Gu\u00eda para realizar respaldos de cursos en Moodle Moodle de la Facultad de Inform\u00e1tica Mazatl\u00e1nVersi\u00f3n: 4.0.2URL: https:\/\/moodle.fimaz.uas.edu.mx\/ Pasos para realizar un respaldo de curso: Recomendaciones adicionales: Leer m\u00e1s 18 enero 2025<\/p>\n","protected":false},"author":1,"featured_media":0,"parent":0,"menu_order":0,"comment_status":"closed","ping_status":"closed","template":"","meta":{"footnotes":""},"class_list":["post-1886","page","type-page","status-publish","hentry"],"_links":{"self":[{"href":"https:\/\/dsantana.uas.edu.mx\/index.php\/wp-json\/wp\/v2\/pages\/1886","targetHints":{"allow":["GET"]}}],"collection":[{"href":"https:\/\/dsantana.uas.edu.mx\/index.php\/wp-json\/wp\/v2\/pages"}],"about":[{"href":"https:\/\/dsantana.uas.edu.mx\/index.php\/wp-json\/wp\/v2\/types\/page"}],"author":[{"embeddable":true,"href":"https:\/\/dsantana.uas.edu.mx\/index.php\/wp-json\/wp\/v2\/users\/1"}],"replies":[{"embeddable":true,"href":"https:\/\/dsantana.uas.edu.mx\/index.php\/wp-json\/wp\/v2\/comments?post=1886"}],"version-history":[{"count":10,"href":"https:\/\/dsantana.uas.edu.mx\/index.php\/wp-json\/wp\/v2\/pages\/1886\/revisions"}],"predecessor-version":[{"id":1898,"href":"https:\/\/dsantana.uas.edu.mx\/index.php\/wp-json\/wp\/v2\/pages\/1886\/revisions\/1898"}],"wp:attachment":[{"href":"https:\/\/dsantana.uas.edu.mx\/index.php\/wp-json\/wp\/v2\/media?parent=1886"}],"curies":[{"name":"wp","href":"https:\/\/api.w.org\/{rel}","templated":true}]}}