{"id":2083,"date":"2025-04-13T14:39:46","date_gmt":"2025-04-13T14:39:46","guid":{"rendered":"https:\/\/dsantana.uas.edu.mx\/?page_id=2083"},"modified":"2025-07-24T02:55:01","modified_gmt":"2025-07-24T02:55:01","slug":"vsol","status":"publish","type":"page","link":"https:\/\/dsantana.uas.edu.mx\/index.php\/vsol\/","title":{"rendered":"VSOL"},"content":{"rendered":"\t\t<div data-elementor-type=\"wp-page\" data-elementor-id=\"2083\" class=\"elementor elementor-2083\">\n\t\t\t\t<div class=\"elementor-element elementor-element-3f874379 e-flex e-con-boxed wpr-particle-no wpr-jarallax-no wpr-parallax-no wpr-sticky-section-no wpr-equal-height-no elementor-invisible e-con e-parent\" data-id=\"3f874379\" data-element_type=\"container\" data-e-type=\"container\" data-settings=\"{&quot;animation&quot;:&quot;fadeInDown&quot;}\">\n\t\t\t\t\t<div class=\"e-con-inner\">\n\t\t\t\t\t\t<div class=\"premium-shape-divider__shape-container\" id=\"premium-shape-divider-7582fbd\" style=\"visibility:hidden; position: absolute; opacity:0;\">\n\t\t\t\t\t<svg xmlns='http:\/\/www.w3.org\/2000\/svg' aria-hidden='true' width='1000' height='100' preserveAspectRatio='none' viewBox='0 0 1000 100'><defs><style>.premium-sh-cls-2{opacity:.33;}.premium-sh-cls-2,.premium-sh-cls-3{isolation:isolate;}.premium-sh-cls-3{opacity:.66;}<\/style><\/defs><path class='premium-sh-cls-2' d='m527,32.7c203.9-88.3,263.1,34,320.3,0,86.7-51.8,152.7,7.6,152.7,7.6v59.7H0v-59.7S62.1,14.2,94.9,11c32.8-3.3,62.8,12.3,75.8,22.1,23.3,17.3,84,58.2,134.4,62.2s202.5-54.3,221.9-62.6Z'\/><path class='premium-sh-cls-3' d='m266,32.7c45.5,0,77.2,23.2,129.1,39.1,28.6,8.7,150.3,10.1,254-39.1,103.7-49.2,91.7,34.4,149.2,0,86-51,201.7,27.5,201.7,27.5v39.8H0v-36.5s28.2,18.5,92.1,18.5c97.7-.1,132.2-49.3,173.9-49.3Z'\/><path class='premium-sh-cls-1' d='m233.9,71.1c200,57.5,266-65.5,395.1-19.5,129,46.6,129,43,186.2,27.8,56.8-15.2,52.5-24.3,94.9-31.9,61.3-11.2,89.9,52.5,89.9,52.5H0s9.9-40.9,83.6-48.1,86.8,1.1,150.3,19.2Z'\/><\/svg>\t\t\t\t<\/div>\n\t\t\t<div class=\"elementor-element elementor-element-7582fbd e-con-full premium-shape-divider-yes premium-shape5 e-flex premium-shape-divider__default premium-shape-divider-anime-yes premium-sh-no-stretch-yes wpr-particle-no wpr-jarallax-no wpr-parallax-no wpr-sticky-section-no wpr-equal-height-no e-con e-child\" data-id=\"7582fbd\" data-element_type=\"container\" data-e-type=\"container\">\n\t\t\t\t<div class=\"elementor-element elementor-element-e3caef6 elementor-widget elementor-widget-eael-fancy-text\" data-id=\"e3caef6\" data-element_type=\"widget\" data-e-type=\"widget\" data-widget_type=\"eael-fancy-text.default\">\n\t\t\t\t<div class=\"elementor-widget-container\">\n\t\t\t\t\t\n\t<div  class=\"eael-fancy-text-container style-1\" data-fancy-text-id=\"e3caef6\" data-fancy-text=\"|\u00a1Bienvenido la Secci\u00f3n de VSOL|de mi sito web acad\u00e9mico!.\" data-fancy-text-transition-type=\"typing\" data-fancy-text-speed=\"50\" data-fancy-text-delay=\"2500\" data-fancy-text-cursor=\"yes\" data-fancy-text-loop=\"yes\" data-fancy-text-action=\"page_load\" >\n\t\t\n\t\t\n\t\t\t\t\t<span id=\"eael-fancy-text-e3caef6\" class=\"eael-fancy-text-strings solid-color\">\n\t\t\t\t<noscript>\n\t\t\t\t\t\u00a1Bienvenido la Secci\u00f3n de VSOL, de mi sito web acad\u00e9mico!.\t\t\t\t<\/noscript>\n\t\t\t<\/span>\n\t\t\n\t\t\t<\/div><!-- close .eael-fancy-text-container -->\n\n\t<div class=\"clearfix\"><\/div>\n\n\t\t\t\t\t<\/div>\n\t\t\t\t<\/div>\n\t\t\t\t<div class=\"elementor-element elementor-element-fcb0469 elementor-widget elementor-widget-text-editor\" data-id=\"fcb0469\" data-element_type=\"widget\" data-e-type=\"widget\" data-widget_type=\"text-editor.default\">\n\t\t\t\t<div class=\"elementor-widget-container\">\n\t\t\t\t\t\t\t\t\t<p>\u00a1Bienvenido a la secci\u00f3n de VSOL en nuestra p\u00e1gina web! Aqu\u00ed encontrar\u00e1s informaci\u00f3n detallada sobre los productos y soluciones innovadoras que ofrece VSOL, un l\u00edder en sistemas de acceso y equipos terminales de comunicaci\u00f3n \u00f3ptica y inal\u00e1mbrica.<\/p><p><strong>\u00bfQu\u00e9 es VSOL?<\/strong><br \/>VSOL es un proveedor l\u00edder de sistemas de acceso y equipos terminales de comunicaci\u00f3n \u00f3ptica y inal\u00e1mbrica. Se especializan en la investigaci\u00f3n y desarrollo, fabricaci\u00f3n y venta de sistemas de acceso de comunicaci\u00f3n \u00f3ptica y equipos terminales. Sus productos incluyen ONU\/ONT, OLT, gateways VoIP y otros productos de acceso a redes, dise\u00f1ados para satisfacer las necesidades de los operadores de telecomunicaciones.<\/p><p><strong>OLT (Optical Line Terminal)<\/strong><br \/>OLT es el terminal de l\u00ednea \u00f3ptica en una red de fibra \u00f3ptica. Es el dispositivo central que se conecta a la red de distribuci\u00f3n \u00f3ptica y gestiona la comunicaci\u00f3n entre la red principal y los dispositivos de usuario final (ONU\/ONT). Los OLT de VSOL incluyen modelos EPON, GPON, 10G EPON, XG-PON y XGS-PON, ofreciendo soporte eficiente y estable para la conectividad de la red.<\/p><p><strong>ONU (Optical Network Unit)<\/strong><br \/>ONU es la unidad de red \u00f3ptica que se encuentra en el extremo del usuario en una red de fibra \u00f3ptica. Se conecta al OLT y convierte las se\u00f1ales \u00f3pticas en se\u00f1ales el\u00e9ctricas para proporcionar servicios de internet, televisi\u00f3n y telefon\u00eda. Las ONU de VSOL est\u00e1n dise\u00f1adas para implementar redes FTTx y ofrecer una experiencia de internet de alta velocidad tanto en hogares como en oficinas.<\/p>\t\t\t\t\t\t\t\t<\/div>\n\t\t\t\t<\/div>\n\t\t\t\t<\/div>\n\t\t\t\t\t<\/div>\n\t\t\t\t<\/div>\n\t\t<div class=\"elementor-element elementor-element-15a28fd e-flex e-con-boxed wpr-particle-no wpr-jarallax-no wpr-parallax-no wpr-sticky-section-no wpr-equal-height-no elementor-invisible e-con e-parent\" data-id=\"15a28fd\" data-element_type=\"container\" data-e-type=\"container\" data-settings=\"{&quot;animation&quot;:&quot;fadeInUp&quot;}\">\n\t\t\t\t\t<div class=\"e-con-inner\">\n\t\t\t\t\t\t<div class=\"premium-shape-divider__shape-container\" id=\"premium-shape-divider-e9348de\" style=\"visibility:hidden; position: absolute; opacity:0;\">\n\t\t\t\t\t<svg xmlns='http:\/\/www.w3.org\/2000\/svg' aria-hidden='true' width='1000' height='100' preserveAspectRatio='none' viewBox='0 0 1000 100'><defs><style>.premium-sh-cls-2{opacity:.33;}.premium-sh-cls-2,.premium-sh-cls-3{isolation:isolate;}.premium-sh-cls-3{opacity:.66;}<\/style><\/defs><path class='premium-sh-cls-2' d='m527,32.7c203.9-88.3,263.1,34,320.3,0,86.7-51.8,152.7,7.6,152.7,7.6v59.7H0v-59.7S62.1,14.2,94.9,11c32.8-3.3,62.8,12.3,75.8,22.1,23.3,17.3,84,58.2,134.4,62.2s202.5-54.3,221.9-62.6Z'\/><path class='premium-sh-cls-3' d='m266,32.7c45.5,0,77.2,23.2,129.1,39.1,28.6,8.7,150.3,10.1,254-39.1,103.7-49.2,91.7,34.4,149.2,0,86-51,201.7,27.5,201.7,27.5v39.8H0v-36.5s28.2,18.5,92.1,18.5c97.7-.1,132.2-49.3,173.9-49.3Z'\/><path class='premium-sh-cls-1' d='m233.9,71.1c200,57.5,266-65.5,395.1-19.5,129,46.6,129,43,186.2,27.8,56.8-15.2,52.5-24.3,94.9-31.9,61.3-11.2,89.9,52.5,89.9,52.5H0s9.9-40.9,83.6-48.1,86.8,1.1,150.3,19.2Z'\/><\/svg>\t\t\t\t<\/div>\n\t\t\t<div class=\"elementor-element elementor-element-e9348de e-con-full premium-shape-divider-yes premium-shape5 e-flex premium-shape-divider__default premium-shape-divider-anime-yes premium-sh-no-stretch-yes wpr-particle-no wpr-jarallax-no wpr-parallax-no wpr-sticky-section-no wpr-equal-height-no e-con e-child\" data-id=\"e9348de\" data-element_type=\"container\" data-e-type=\"container\">\n\t\t\t\t<div class=\"elementor-element elementor-element-ae40033 elementor-grid-eael-col-4 elementor-grid-tablet-eael-col-2 elementor-grid-mobile-eael-col-1 elementor-widget elementor-widget-eael-post-grid\" data-id=\"ae40033\" data-element_type=\"widget\" data-e-type=\"widget\" data-settings=\"{&quot;eael_post_grid_columns&quot;:&quot;eael-col-4&quot;,&quot;eael_post_grid_columns_tablet&quot;:&quot;eael-col-2&quot;,&quot;eael_post_grid_columns_mobile&quot;:&quot;eael-col-1&quot;}\" data-widget_type=\"eael-post-grid.default\">\n\t\t\t\t<div class=\"elementor-widget-container\">\n\t\t\t\t\t<div id=\"eael-post-grid-ae40033\" class=\"eael-post-grid-container\">\n            <div class=\"eael-post-grid eael-post-appender eael-post-appender-ae40033 eael-post-grid-style-one\" data-layout-mode=\"masonry\"><article class=\"eael-grid-post  eael-post-grid-column eael-pg-post-2267 category-olt-vsol-onu-vsol-vsol\" data-id=\"2267\">\n        <div class=\"eael-grid-post-holder\">\n            <div class=\"eael-grid-post-holder-inner\"><div class=\"eael-entry-media\"><div class=\"eael-entry-overlay fade-in\"><i class=\"fas fa-long-arrow-alt-right\" aria-hidden=\"true\"><\/i><a href=\"https:\/\/dsantana.uas.edu.mx\/index.php\/2025\/07\/24\/arquitectura-de-red-ftth-para-condominios\/\"><\/a><\/div><div class=\"eael-entry-thumbnail eael-image-ratio\">\n                <img fetchpriority=\"high\" decoding=\"async\" width=\"300\" height=\"169\" src=\"https:\/\/dsantana.uas.edu.mx\/wp-content\/uploads\/2025\/07\/Imagen-de-WhatsApp-2025-07-23-a-las-13.30.43_ae0acf7f-300x169.jpg\" class=\"attachment-medium size-medium wp-image-2268\" alt=\"\" srcset=\"https:\/\/dsantana.uas.edu.mx\/wp-content\/uploads\/2025\/07\/Imagen-de-WhatsApp-2025-07-23-a-las-13.30.43_ae0acf7f-300x169.jpg 300w, https:\/\/dsantana.uas.edu.mx\/wp-content\/uploads\/2025\/07\/Imagen-de-WhatsApp-2025-07-23-a-las-13.30.43_ae0acf7f-1024x576.jpg 1024w, https:\/\/dsantana.uas.edu.mx\/wp-content\/uploads\/2025\/07\/Imagen-de-WhatsApp-2025-07-23-a-las-13.30.43_ae0acf7f-768x432.jpg 768w, https:\/\/dsantana.uas.edu.mx\/wp-content\/uploads\/2025\/07\/Imagen-de-WhatsApp-2025-07-23-a-las-13.30.43_ae0acf7f-1536x864.jpg 1536w, https:\/\/dsantana.uas.edu.mx\/wp-content\/uploads\/2025\/07\/Imagen-de-WhatsApp-2025-07-23-a-las-13.30.43_ae0acf7f.jpg 1600w\" sizes=\"(max-width: 300px) 100vw, 300px\" \/>\n            <\/div>\n        <\/div><div class=\"eael-entry-wrapper\"><header class=\"eael-entry-header\"><h2 class=\"eael-entry-title\"><a class=\"eael-grid-post-link\" href=\"https:\/\/dsantana.uas.edu.mx\/index.php\/2025\/07\/24\/arquitectura-de-red-ftth-para-condominios\/\" title=\"\ud83c\udfe2 Arquitectura de Red FTTH para Condominios\">\ud83c\udfe2 Arquitectura de Red FTTH para Condominios<\/a><\/h2><\/header><div class=\"eael-entry-content\">\n                        <div class=\"eael-grid-post-excerpt\"><p>\ud83c\udfaf&nbsp;Objetivo Proveer conectividad de alta velocidad, segura y escalable a cada unidad habitacional de un edificio mediante una red de fibra \u00f3ptica GPON, gestionada centralmente con MikroTik. \ud83d\udd27 Equipos y...<\/p><a href=\"https:\/\/dsantana.uas.edu.mx\/index.php\/2025\/07\/24\/arquitectura-de-red-ftth-para-condominios\/\" class=\"eael-post-elements-readmore-btn\">Leer m\u00e1s<\/a><\/div>\n                    <\/div><div class=\"eael-entry-footer\"><div class=\"eael-entry-meta\"><span class=\"eael-posted-on\"><time datetime=\"24 julio 2025\">24 julio 2025<\/time><\/span><\/div><\/div><\/div><\/div>\n        <\/div>\n    <\/article><\/div>\n            <div class=\"clearfix\"><\/div>\n        <\/div>\t\t\t\t<\/div>\n\t\t\t\t<\/div>\n\t\t\t\t<\/div>\n\t\t\t\t\t<\/div>\n\t\t\t\t<\/div>\n\t\t\t\t<\/div>\n\t\t","protected":false},"excerpt":{"rendered":"<p>\u00a1Bienvenido la Secci\u00f3n de VSOL, de mi sito web acad\u00e9mico!. \u00a1Bienvenido a la secci\u00f3n de VSOL en nuestra p\u00e1gina web! Aqu\u00ed encontrar\u00e1s informaci\u00f3n detallada sobre los productos y soluciones innovadoras que ofrece VSOL, un l\u00edder en sistemas de acceso y equipos terminales de comunicaci\u00f3n \u00f3ptica y inal\u00e1mbrica. \u00bfQu\u00e9 es VSOL?VSOL es un proveedor l\u00edder de sistemas de acceso y equipos terminales de comunicaci\u00f3n \u00f3ptica y inal\u00e1mbrica. Se especializan en la investigaci\u00f3n y desarrollo, fabricaci\u00f3n y venta de sistemas de acceso de comunicaci\u00f3n \u00f3ptica y equipos terminales. Sus productos incluyen ONU\/ONT, OLT, gateways VoIP y otros productos de acceso a redes, dise\u00f1ados para satisfacer las necesidades de los operadores de telecomunicaciones. OLT (Optical Line Terminal)OLT es el terminal de l\u00ednea \u00f3ptica en una red de fibra \u00f3ptica. Es el dispositivo central que se conecta a la red de distribuci\u00f3n \u00f3ptica y gestiona la comunicaci\u00f3n entre la red principal y los dispositivos de usuario final (ONU\/ONT). Los OLT de VSOL incluyen modelos EPON, GPON, 10G EPON, XG-PON y XGS-PON, ofreciendo soporte eficiente y estable para la conectividad de la red. ONU (Optical Network Unit)ONU es la unidad de red \u00f3ptica que se encuentra en el extremo del usuario en una red de fibra \u00f3ptica. Se conecta al OLT y convierte las se\u00f1ales \u00f3pticas en se\u00f1ales el\u00e9ctricas para proporcionar servicios de internet, televisi\u00f3n y telefon\u00eda. Las ONU de VSOL est\u00e1n dise\u00f1adas para implementar redes FTTx y ofrecer una experiencia de internet de alta velocidad tanto en hogares como en oficinas. \ud83c\udfe2 Arquitectura de Red FTTH para Condominios \ud83c\udfaf&nbsp;Objetivo Proveer conectividad de alta velocidad, segura y escalable a cada unidad habitacional de un edificio mediante una red de fibra \u00f3ptica GPON, gestionada centralmente con MikroTik. \ud83d\udd27 Equipos y&#8230; Leer m\u00e1s 24 julio 2025<\/p>\n","protected":false},"author":1,"featured_media":0,"parent":0,"menu_order":0,"comment_status":"closed","ping_status":"closed","template":"","meta":{"footnotes":""},"class_list":["post-2083","page","type-page","status-publish","hentry"],"_links":{"self":[{"href":"https:\/\/dsantana.uas.edu.mx\/index.php\/wp-json\/wp\/v2\/pages\/2083","targetHints":{"allow":["GET"]}}],"collection":[{"href":"https:\/\/dsantana.uas.edu.mx\/index.php\/wp-json\/wp\/v2\/pages"}],"about":[{"href":"https:\/\/dsantana.uas.edu.mx\/index.php\/wp-json\/wp\/v2\/types\/page"}],"author":[{"embeddable":true,"href":"https:\/\/dsantana.uas.edu.mx\/index.php\/wp-json\/wp\/v2\/users\/1"}],"replies":[{"embeddable":true,"href":"https:\/\/dsantana.uas.edu.mx\/index.php\/wp-json\/wp\/v2\/comments?post=2083"}],"version-history":[{"count":19,"href":"https:\/\/dsantana.uas.edu.mx\/index.php\/wp-json\/wp\/v2\/pages\/2083\/revisions"}],"predecessor-version":[{"id":2281,"href":"https:\/\/dsantana.uas.edu.mx\/index.php\/wp-json\/wp\/v2\/pages\/2083\/revisions\/2281"}],"wp:attachment":[{"href":"https:\/\/dsantana.uas.edu.mx\/index.php\/wp-json\/wp\/v2\/media?parent=2083"}],"curies":[{"name":"wp","href":"https:\/\/api.w.org\/{rel}","templated":true}]}}