{"id":85,"date":"2020-05-17T02:50:16","date_gmt":"2020-05-17T02:50:16","guid":{"rendered":"http:\/\/dsantana.uas.edu.mx\/?page_id=85"},"modified":"2024-08-22T17:46:34","modified_gmt":"2024-08-22T17:46:34","slug":"asignaturas","status":"publish","type":"page","link":"https:\/\/dsantana.uas.edu.mx\/index.php\/asignaturas\/","title":{"rendered":"Asignaturas"},"content":{"rendered":"\n<p><strong>Redes\/Telem\u00e1tica<\/strong><\/p>\n\n\n\n<ul class=\"wp-block-list\">\n<li><a href=\"https:\/\/dsantana.uas.edu.mx\/index.php\/2024\/08\/22\/redes-y-cableado-estructurado\/\">Redes y Cableado Estructurado<\/a><\/li>\n\n\n\n<li><a href=\"https:\/\/dsantana.uas.edu.mx\/index.php\/2024\/08\/22\/introduccion-a-las-redes\/\">Introduccion a las Redes<\/a><\/li>\n\n\n\n<li><a href=\"https:\/\/dsantana.uas.edu.mx\/index.php\/2024\/01\/12\/diseno-e-instalacion-de-redes\/\">Dise\u00f1o e Instalaci\u00f3n de Redes<\/a><\/li>\n\n\n\n<li><a href=\"https:\/\/dsantana.uas.edu.mx\/index.php\/2024\/08\/16\/administracion-de-redes\/\">Administraci\u00f3n de Redes<\/a><\/li>\n\n\n\n<li>Seguridad en Redes<\/li>\n\n\n\n<li><\/li>\n<\/ul>\n\n\n\n<p><strong>Sistemas Operativos<\/strong><\/p>\n\n\n\n<ul class=\"wp-block-list\">\n<li>Sistemas Operativos<\/li>\n\n\n\n<li>Virtualizaci\u00f3n<\/li>\n<\/ul>\n\n\n\n<p><\/p>\n\n\n\n<p>Administraci\u00f3n de Tecnolog\u00edas de la Informaci\u00f3n<\/p>\n\n\n\n<p>Inform\u00e1tica T\u00e9cnica<\/p>\n\n\n\n<p>Comercio Electr\u00f3nico<\/p>\n\n\n\n<p>Administraci\u00f3n de P\u00e1ginas Web<\/p>\n\n\n\n<p>Fundamentos de Base de Datos<\/p>\n","protected":false},"excerpt":{"rendered":"<p>Redes\/Telem\u00e1tica Sistemas Operativos Administraci\u00f3n de Tecnolog\u00edas de la Informaci\u00f3n Inform\u00e1tica T\u00e9cnica Comercio Electr\u00f3nico Administraci\u00f3n de P\u00e1ginas Web Fundamentos de Base de Datos<\/p>\n","protected":false},"author":1,"featured_media":0,"parent":0,"menu_order":0,"comment_status":"closed","ping_status":"closed","template":"","meta":{"footnotes":""},"class_list":["post-85","page","type-page","status-publish","hentry"],"_links":{"self":[{"href":"https:\/\/dsantana.uas.edu.mx\/index.php\/wp-json\/wp\/v2\/pages\/85","targetHints":{"allow":["GET"]}}],"collection":[{"href":"https:\/\/dsantana.uas.edu.mx\/index.php\/wp-json\/wp\/v2\/pages"}],"about":[{"href":"https:\/\/dsantana.uas.edu.mx\/index.php\/wp-json\/wp\/v2\/types\/page"}],"author":[{"embeddable":true,"href":"https:\/\/dsantana.uas.edu.mx\/index.php\/wp-json\/wp\/v2\/users\/1"}],"replies":[{"embeddable":true,"href":"https:\/\/dsantana.uas.edu.mx\/index.php\/wp-json\/wp\/v2\/comments?post=85"}],"version-history":[{"count":8,"href":"https:\/\/dsantana.uas.edu.mx\/index.php\/wp-json\/wp\/v2\/pages\/85\/revisions"}],"predecessor-version":[{"id":1157,"href":"https:\/\/dsantana.uas.edu.mx\/index.php\/wp-json\/wp\/v2\/pages\/85\/revisions\/1157"}],"wp:attachment":[{"href":"https:\/\/dsantana.uas.edu.mx\/index.php\/wp-json\/wp\/v2\/media?parent=85"}],"curies":[{"name":"wp","href":"https:\/\/api.w.org\/{rel}","templated":true}]}}