{"id":95,"date":"2020-05-17T02:53:22","date_gmt":"2020-05-17T02:53:22","guid":{"rendered":"http:\/\/dsantana.uas.edu.mx\/?page_id=95"},"modified":"2021-06-03T03:52:10","modified_gmt":"2021-06-03T03:52:10","slug":"diplomados","status":"publish","type":"page","link":"https:\/\/dsantana.uas.edu.mx\/index.php\/diplomados\/","title":{"rendered":"Diplomados"},"content":{"rendered":"\n<p><a href=\"http:\/\/fimaz.uas.edu.mx\/moodle\/course\/view.php?id=165\">Desarrollo y Administraci\u00f3n de Tecnolog\u00edas Libres Unificadas &#8211; 2020<\/a><\/p>\n\n\n\n<p><a href=\"http:\/\/fimaz.uas.edu.mx\/moodle\/course\/view.php?id=280\">Diplomado Desarrollo y Administraci\u00f3n de Tecnolog\u00edas Libres Unificadas 2da. Edici\u00f3n<\/a><\/p>\n","protected":false},"excerpt":{"rendered":"<p>Desarrollo y Administraci\u00f3n de Tecnolog\u00edas Libres Unificadas &#8211; 2020 Diplomado Desarrollo y Administraci\u00f3n de Tecnolog\u00edas Libres Unificadas 2da. Edici\u00f3n<\/p>\n","protected":false},"author":1,"featured_media":0,"parent":0,"menu_order":0,"comment_status":"closed","ping_status":"closed","template":"","meta":{"footnotes":""},"class_list":["post-95","page","type-page","status-publish","hentry"],"_links":{"self":[{"href":"https:\/\/dsantana.uas.edu.mx\/index.php\/wp-json\/wp\/v2\/pages\/95","targetHints":{"allow":["GET"]}}],"collection":[{"href":"https:\/\/dsantana.uas.edu.mx\/index.php\/wp-json\/wp\/v2\/pages"}],"about":[{"href":"https:\/\/dsantana.uas.edu.mx\/index.php\/wp-json\/wp\/v2\/types\/page"}],"author":[{"embeddable":true,"href":"https:\/\/dsantana.uas.edu.mx\/index.php\/wp-json\/wp\/v2\/users\/1"}],"replies":[{"embeddable":true,"href":"https:\/\/dsantana.uas.edu.mx\/index.php\/wp-json\/wp\/v2\/comments?post=95"}],"version-history":[{"count":4,"href":"https:\/\/dsantana.uas.edu.mx\/index.php\/wp-json\/wp\/v2\/pages\/95\/revisions"}],"predecessor-version":[{"id":577,"href":"https:\/\/dsantana.uas.edu.mx\/index.php\/wp-json\/wp\/v2\/pages\/95\/revisions\/577"}],"wp:attachment":[{"href":"https:\/\/dsantana.uas.edu.mx\/index.php\/wp-json\/wp\/v2\/media?parent=95"}],"curies":[{"name":"wp","href":"https:\/\/api.w.org\/{rel}","templated":true}]}}